{"id":1025,"date":"2024-10-22T16:13:06","date_gmt":"2024-10-22T19:13:06","guid":{"rendered":"https:\/\/www.sinovaclatam.com\/la-empresa\/responsabilidad-social\/"},"modified":"2025-03-27T10:26:42","modified_gmt":"2025-03-27T13:26:42","slug":"responsabilidad-social","status":"publish","type":"page","link":"https:\/\/www.sinovaclatam.com\/es\/la-empresa\/responsabilidad-social\/","title":{"rendered":"Responsabilidad Social"},"content":{"rendered":"    <style>\r\n        #banner-padrao {\r\n            background-image: url(https:\/\/www.sinovaclatam.com\/wp-content\/uploads\/2024\/10\/imagem-sinovac-resp.jpg);\r\n        }\r\n    <\/style>\r\n    <style>\r\n        @media (max-width:992px) {\r\n            #banner-padrao {\r\n                background-image: url(https:\/\/www.sinovaclatam.com\/wp-content\/uploads\/2024\/11\/img-banner-resp.jpg);\r\n            }\r\n        }\r\n    <\/style>\r\n\r\n<section id=\"banner-padrao\">\r\n    <div id=\"redes-sociais-float\" class=\"desktop\">\r\n                    <a href=\"https:\/\/www.instagram.com\/sinovacbiotech\" target=\"_blank\">\r\n                <i class=\"fab fa-instagram\"><\/i>\r\n            <\/a>\r\n        \r\n                    <a href=\"https:\/\/linkedin.com\/company\/sinovac-biotech-ltd.\" target=\"_blank\">\r\n                <i class=\"fab fa-linkedin-in\"><\/i>\r\n            <\/a>\r\n        \r\n                    <a href=\"https:\/\/youtube.com\/sinovacbiotech\" target=\"_blank\">\r\n                <i class=\"fab fa-youtube\"><\/i>\r\n            <\/a>\r\n        \r\n\r\n\r\n    <\/div>\r\n    <div class=\"container\">\r\n        <div class=\"row\">\r\n            <div class=\"col-lg-4 col-12\">\r\n                <div class=\"titulo\">\r\n                    <h1>Responsabilidad Social<\/h1>\r\n                <\/div>\r\n            <\/div>\r\n        <\/div>\r\n    <\/div>\r\n<\/section>\n\n    <style>\r\n        #texto-resp-1 {\r\n            background-image: url(https:\/\/www.sinovaclatam.com\/wp-content\/uploads\/2024\/10\/bg-1-sust.png);\r\n        }\r\n    <\/style>\r\n\r\n<section id=\"texto-resp-1\" class=\"texto-padrao \">\r\n    <div class=\"container\">\r\n        <div class=\"row\">\r\n                            <div class=\"col-lg-6 col-12\">\r\n                    <div class=\"texto\">\r\n                        <p>La Responsabilidad Social Corporativa (RSC) es uno de los motores del desarrollo sostenible de nuestra empresa. Siempre concedemos gran importancia a la labor de responsabilidad social, asumimos activamente la responsabilidad social corporativa, ofrecemos ideas y productos saludables a miles de hogares, apoyamos las necesidades mundiales insatisfechas de prevenci\u00f3n y control de enfermedades, promovemos el desarrollo de la salud p\u00fablica con acciones pr\u00e1cticas y colaboramos con todos los sectores por un mundo m\u00e1s sano.<\/p>\n<h3>Fundaci\u00f3n SINOVAC<\/h3>\n<p>La Fundaci\u00f3n SINOVAC fue creada por SINOVAC para desempe\u00f1ar activamente sus actividades filantr\u00f3picas. La Fundaci\u00f3n SINOVAC promueve el desarrollo sostenible en el campo biom\u00e9dico, brindandoun apoyo s\u00f3lido a la innovaci\u00f3n cient\u00edfica y tecnol\u00f3gica en el \u00e1mbito de la salud y la vida. Adem\u00e1s, contribuye con su conocimiento a la armon\u00eda social y la salud, financiando proyectos de innovaci\u00f3n en investigaci\u00f3n cient\u00edfica, promoviendo intercambios acad\u00e9micos, el desarrollo de talentos y respondiendo oportunamente a desastres naturales, accidentes, incidentes de salud p\u00fablica y otras emergencias.<\/p>\n                        <div class=\"fade-text\"><\/div>\r\n                    <\/div>\r\n                                    <\/div>\r\n                                    <div class=\"col-lg-5 offset-lg-1 col-12\">\r\n                        <div class=\"imagem\">\r\n                            <img src='https:\/\/www.sinovaclatam.com\/wp-content\/uploads\/2024\/10\/imagem-sinovac-resp-1.jpg' width='741' height='550' alt='' \/>\r\n                        <\/div>\r\n                    <\/div>\r\n                            \r\n        <\/div>\r\n    <\/div>\r\n<\/section>\n\n    <style>\r\n        #texto-resp-2 {\r\n            background-image: url(https:\/\/www.sinovaclatam.com\/wp-content\/uploads\/2024\/10\/bg-resp-sinovac.jpg);\r\n        }\r\n    <\/style>\r\n\r\n<section id=\"texto-resp-2\" class=\"texto-padrao \">\r\n    <div class=\"container\">\r\n        <div class=\"row\">\r\n                            <div class=\"col-lg-6 col-12\">\r\n                    <div class=\"texto\">\r\n                        <p>La Fundaci\u00f3n SINOVAC cumple estrictamente con la Ley de Caridad de la Rep\u00fablica Popular de China, los Reglamentos sobre Administraci\u00f3n de Fundaciones y otras leyes y normativas aplicables, y establece una s\u00f3lida garant\u00eda institucional para su funcionamiento robusto, formulando sistemas de gesti\u00f3n interna y externa detallados. Mientras tanto, la instituci\u00f3n toma la iniciativa de aceptar la supervisi\u00f3n interna y externa y cumple seriamente con la obligaci\u00f3n de divulgar informaci\u00f3n. Espec\u00edficamente, la Fundaci\u00f3n publica oportunamente el Informe de Trabajo 2023 de la Fundaci\u00f3n SINOVAC de Beijing y el Informe de Auditor\u00eda 2023 de la Fundaci\u00f3n SINOVAC de Beijing, de acuerdo con los requisitos relevantes. La informaci\u00f3n importante se divulga simult\u00e1neamente en el sitio oficial de \u00abCharity in China\u00bb y est\u00e1 lista para la supervisi\u00f3n interna y externa, a fin de garantizar su gobernanza de cumplimiento y operaci\u00f3n transparente.<\/p>\n                        <div class=\"fade-text\"><\/div>\r\n                    <\/div>\r\n                                    <\/div>\r\n                                    <div class=\"col-lg-5 offset-lg-1 col-12\">\r\n                        <div class=\"imagem\">\r\n                            <img src='https:\/\/www.sinovaclatam.com\/wp-content\/uploads\/2024\/11\/bg-sust.jpg' width='1079' height='612' alt='' \/>\r\n                        <\/div>\r\n                    <\/div>\r\n                            \r\n        <\/div>\r\n    <\/div>\r\n<\/section>","protected":false},"excerpt":{"rendered":"","protected":false},"author":1,"featured_media":0,"parent":1018,"menu_order":0,"comment_status":"closed","ping_status":"closed","template":"template-secundarias.php","meta":{"_acf_changed":false,"footnotes":""},"class_list":["post-1025","page","type-page","status-publish","hentry"],"acf":[],"yoast_head":"<!-- This site is optimized with the Yoast SEO plugin v27.4 - https:\/\/yoast.com\/product\/yoast-seo-wordpress\/ -->\n<title>Responsabilidad Social - SINOVAC LATAM<\/title>\n<meta name=\"robots\" content=\"index, follow, max-snippet:-1, max-image-preview:large, max-video-preview:-1\" \/>\n<link rel=\"canonical\" href=\"https:\/\/www.sinovaclatam.com\/es\/la-empresa\/responsabilidad-social\/\" \/>\n<meta property=\"og:locale\" content=\"es_ES\" \/>\n<meta property=\"og:type\" content=\"article\" \/>\n<meta property=\"og:title\" content=\"Responsabilidad Social - SINOVAC LATAM\" \/>\n<meta property=\"og:url\" content=\"https:\/\/www.sinovaclatam.com\/es\/la-empresa\/responsabilidad-social\/\" \/>\n<meta property=\"og:site_name\" content=\"SINOVAC LATAM\" \/>\n<meta property=\"article:modified_time\" content=\"2025-03-27T13:26:42+00:00\" \/>\n<meta name=\"twitter:card\" content=\"summary_large_image\" \/>\n<script type=\"application\/ld+json\" class=\"yoast-schema-graph\">{\"@context\":\"https:\\\/\\\/schema.org\",\"@graph\":[{\"@type\":\"WebPage\",\"@id\":\"https:\\\/\\\/www.sinovaclatam.com\\\/es\\\/la-empresa\\\/responsabilidad-social\\\/\",\"url\":\"https:\\\/\\\/www.sinovaclatam.com\\\/es\\\/la-empresa\\\/responsabilidad-social\\\/\",\"name\":\"Responsabilidad Social - SINOVAC LATAM\",\"isPartOf\":{\"@id\":\"https:\\\/\\\/www.sinovaclatam.com\\\/es\\\/#website\"},\"datePublished\":\"2024-10-22T19:13:06+00:00\",\"dateModified\":\"2025-03-27T13:26:42+00:00\",\"breadcrumb\":{\"@id\":\"https:\\\/\\\/www.sinovaclatam.com\\\/es\\\/la-empresa\\\/responsabilidad-social\\\/#breadcrumb\"},\"inLanguage\":\"es\",\"potentialAction\":[{\"@type\":\"ReadAction\",\"target\":[\"https:\\\/\\\/www.sinovaclatam.com\\\/es\\\/la-empresa\\\/responsabilidad-social\\\/\"]}]},{\"@type\":\"BreadcrumbList\",\"@id\":\"https:\\\/\\\/www.sinovaclatam.com\\\/es\\\/la-empresa\\\/responsabilidad-social\\\/#breadcrumb\",\"itemListElement\":[{\"@type\":\"ListItem\",\"position\":1,\"name\":\"In\u00edcio\",\"item\":\"https:\\\/\\\/www.sinovaclatam.com\\\/es\\\/\"},{\"@type\":\"ListItem\",\"position\":2,\"name\":\"La Empresa\",\"item\":\"https:\\\/\\\/www.sinovaclatam.com\\\/es\\\/la-empresa\\\/\"},{\"@type\":\"ListItem\",\"position\":3,\"name\":\"Responsabilidad Social\"}]},{\"@type\":\"WebSite\",\"@id\":\"https:\\\/\\\/www.sinovaclatam.com\\\/es\\\/#website\",\"url\":\"https:\\\/\\\/www.sinovaclatam.com\\\/es\\\/\",\"name\":\"Sinovac LATAM\",\"description\":\"\",\"potentialAction\":[{\"@type\":\"SearchAction\",\"target\":{\"@type\":\"EntryPoint\",\"urlTemplate\":\"https:\\\/\\\/www.sinovaclatam.com\\\/es\\\/?s={search_term_string}\"},\"query-input\":{\"@type\":\"PropertyValueSpecification\",\"valueRequired\":true,\"valueName\":\"search_term_string\"}}],\"inLanguage\":\"es\"}]}<\/script>\n<!-- \/ Yoast SEO plugin. -->","yoast_head_json":{"title":"Responsabilidad Social - SINOVAC LATAM","robots":{"index":"index","follow":"follow","max-snippet":"max-snippet:-1","max-image-preview":"max-image-preview:large","max-video-preview":"max-video-preview:-1"},"canonical":"https:\/\/www.sinovaclatam.com\/es\/la-empresa\/responsabilidad-social\/","og_locale":"es_ES","og_type":"article","og_title":"Responsabilidad Social - SINOVAC LATAM","og_url":"https:\/\/www.sinovaclatam.com\/es\/la-empresa\/responsabilidad-social\/","og_site_name":"SINOVAC LATAM","article_modified_time":"2025-03-27T13:26:42+00:00","twitter_card":"summary_large_image","schema":{"@context":"https:\/\/schema.org","@graph":[{"@type":"WebPage","@id":"https:\/\/www.sinovaclatam.com\/es\/la-empresa\/responsabilidad-social\/","url":"https:\/\/www.sinovaclatam.com\/es\/la-empresa\/responsabilidad-social\/","name":"Responsabilidad Social - SINOVAC LATAM","isPartOf":{"@id":"https:\/\/www.sinovaclatam.com\/es\/#website"},"datePublished":"2024-10-22T19:13:06+00:00","dateModified":"2025-03-27T13:26:42+00:00","breadcrumb":{"@id":"https:\/\/www.sinovaclatam.com\/es\/la-empresa\/responsabilidad-social\/#breadcrumb"},"inLanguage":"es","potentialAction":[{"@type":"ReadAction","target":["https:\/\/www.sinovaclatam.com\/es\/la-empresa\/responsabilidad-social\/"]}]},{"@type":"BreadcrumbList","@id":"https:\/\/www.sinovaclatam.com\/es\/la-empresa\/responsabilidad-social\/#breadcrumb","itemListElement":[{"@type":"ListItem","position":1,"name":"In\u00edcio","item":"https:\/\/www.sinovaclatam.com\/es\/"},{"@type":"ListItem","position":2,"name":"La Empresa","item":"https:\/\/www.sinovaclatam.com\/es\/la-empresa\/"},{"@type":"ListItem","position":3,"name":"Responsabilidad Social"}]},{"@type":"WebSite","@id":"https:\/\/www.sinovaclatam.com\/es\/#website","url":"https:\/\/www.sinovaclatam.com\/es\/","name":"Sinovac LATAM","description":"","potentialAction":[{"@type":"SearchAction","target":{"@type":"EntryPoint","urlTemplate":"https:\/\/www.sinovaclatam.com\/es\/?s={search_term_string}"},"query-input":{"@type":"PropertyValueSpecification","valueRequired":true,"valueName":"search_term_string"}}],"inLanguage":"es"}]}},"_links":{"self":[{"href":"https:\/\/www.sinovaclatam.com\/es\/wp-json\/wp\/v2\/pages\/1025","targetHints":{"allow":["GET"]}}],"collection":[{"href":"https:\/\/www.sinovaclatam.com\/es\/wp-json\/wp\/v2\/pages"}],"about":[{"href":"https:\/\/www.sinovaclatam.com\/es\/wp-json\/wp\/v2\/types\/page"}],"author":[{"embeddable":true,"href":"https:\/\/www.sinovaclatam.com\/es\/wp-json\/wp\/v2\/users\/1"}],"replies":[{"embeddable":true,"href":"https:\/\/www.sinovaclatam.com\/es\/wp-json\/wp\/v2\/comments?post=1025"}],"version-history":[{"count":2,"href":"https:\/\/www.sinovaclatam.com\/es\/wp-json\/wp\/v2\/pages\/1025\/revisions"}],"predecessor-version":[{"id":1794,"href":"https:\/\/www.sinovaclatam.com\/es\/wp-json\/wp\/v2\/pages\/1025\/revisions\/1794"}],"up":[{"embeddable":true,"href":"https:\/\/www.sinovaclatam.com\/es\/wp-json\/wp\/v2\/pages\/1018"}],"wp:attachment":[{"href":"https:\/\/www.sinovaclatam.com\/es\/wp-json\/wp\/v2\/media?parent=1025"}],"curies":[{"name":"wp","href":"https:\/\/api.w.org\/{rel}","templated":true}]}}