{"id":1027,"date":"2024-10-21T15:27:27","date_gmt":"2024-10-21T18:27:27","guid":{"rendered":"https:\/\/www.sinovaclatam.com\/carreras\/"},"modified":"2025-03-27T11:37:36","modified_gmt":"2025-03-27T14:37:36","slug":"carreras","status":"publish","type":"page","link":"https:\/\/www.sinovaclatam.com\/es\/carreras\/","title":{"rendered":"Carreras"},"content":{"rendered":"    <style>\r\n        #banner-padrao {\r\n            background-image: url(https:\/\/www.sinovaclatam.com\/wp-content\/uploads\/2024\/10\/bg-carreiras-banner.jpg);\r\n        }\r\n    <\/style>\r\n\r\n<section id=\"banner-padrao\">\r\n    <div id=\"redes-sociais-float\" class=\"desktop\">\r\n                    <a href=\"https:\/\/www.instagram.com\/sinovacbiotech\" target=\"_blank\">\r\n                <i class=\"fab fa-instagram\"><\/i>\r\n            <\/a>\r\n        \r\n                    <a href=\"https:\/\/linkedin.com\/company\/sinovac-biotech-ltd.\" target=\"_blank\">\r\n                <i class=\"fab fa-linkedin-in\"><\/i>\r\n            <\/a>\r\n        \r\n                    <a href=\"https:\/\/youtube.com\/sinovacbiotech\" target=\"_blank\">\r\n                <i class=\"fab fa-youtube\"><\/i>\r\n            <\/a>\r\n        \r\n\r\n\r\n    <\/div>\r\n    <div class=\"container\">\r\n        <div class=\"row\">\r\n            <div class=\"col-lg-4 col-12\">\r\n                <div class=\"titulo\">\r\n                    <h1>Nuestros talentos<\/h1>\r\n                <\/div>\r\n            <\/div>\r\n        <\/div>\r\n    <\/div>\r\n<\/section>\n\n    <style>\r\n        #texto-padrao-69f1775f17868 {\r\n            background-image: url(https:\/\/www.sinovaclatam.com\/wp-content\/uploads\/2024\/10\/bg-1-sust.png);\r\n        }\r\n    <\/style>\r\n\r\n<section id=\"texto-padrao-69f1775f17868\" class=\"texto-padrao \">\r\n    <div class=\"container\">\r\n        <div class=\"row\">\r\n                            <div class=\"col-lg-6 col-12\">\r\n                    <div class=\"texto\">\r\n                        <h3>Programa de Desarrollo de Talentos<\/h3>\n<p>Sinovac est\u00e1 comprometida con la formaci\u00f3n y el desarrollo de talentos multidisciplinarios. A trav\u00e9s de un sistema de soporte que ofrece tecnolog\u00eda de punta, infraestructura robusta y equipos innovadores, los profesionales son incentivados a seguir carreras diversificadas, con capacitaci\u00f3n y respaldo para perfeccionar logros y agregar valor a la contribuci\u00f3n social.<\/p>\n<h3>Nuestros pilares<\/h3>\n<ul>\n<li>Reunir talentos con visi\u00f3n innovadora de una empresa global que trabaja para eliminar enfermedades humanas con seguridad, calidad y eficacia.<\/li>\n<li>Promover una cultura corporativa acogedora que incentive el desarrollo individual y las relaciones profesionales.<\/li>\n<li>Ofrecer oportunidades laborales para los empleados con la infraestructura y el soporte necesario para grandes logros y descubrimientos.<\/li>\n<li>Atraer y retener talentos con beneficios y salarios competitivos, valorando a los colaboradores en todo el proceso.<\/li>\n<\/ul>\n<p><a href=\"https:\/\/www.linkedin.com\/company\/sinovac-biotech-ltd.\/posts\/?feedView=all\" target=\"_blank\" rel=\"noopener\">Mant\u00e9nte atento a las oportunidades en nuestro LinkedIn<\/a><\/p>\n                        <div class=\"fade-text\"><\/div>\r\n                    <\/div>\r\n                                    <\/div>\r\n                            \r\n        <\/div>\r\n    <\/div>\r\n<\/section>\n\n\r\n\r\n<section class=\"imagem-padrao\">\r\n    <img class=\"desktop\" src='https:\/\/www.sinovaclatam.com\/wp-content\/uploads\/2024\/10\/1626080649796820.jpg' width='1920' height='633' alt='' \/>\r\n    <img class=\"mobile\" src='https:\/\/www.sinovaclatam.com\/wp-content\/uploads\/2024\/11\/img-carreiras-sinovac.jpg' width='768' height='450' alt='' \/>\r\n<\/section>\n\n\r\n<section id=\"texto-padrao-69f1775f1acc0\" class=\"texto-padrao esquerda\">\r\n    <div class=\"container\">\r\n        <div class=\"row\">\r\n                                                <div class=\"col-lg-5 col-12\">\r\n                        <div class=\"imagem\">\r\n                            <img src='https:\/\/www.sinovaclatam.com\/wp-content\/uploads\/2024\/10\/imagem-sinovac-academy.jpg' width='741' height='437' alt='' \/>\r\n                        <\/div>\r\n                    <\/div>\r\n                                <div class=\"col-lg-6 offset-lg-1 col-12\">\r\n                    <div class=\"texto\">\r\n                        <h2>Academia Sinovac<\/h2>\n<p>La Academia Sinovac ha establecido un sistema dual de desarrollo de carrera para la gesti\u00f3n de equipos y el desarrollo profesional. Con cursos y capacitaciones, la Academia busca convertirse en una consultora de crecimiento para los colaboradores y una socia de desarrollo para los equipos de negocios. La Academia Sinovac imparte cursos de cultura, estrategia, liderazgo, habilidades profesionales y educaci\u00f3n general para empleados a trav\u00e9s de plataformas y proyectos como la Escuela de Administraci\u00f3n, la Escuela T\u00e9cnica, el programa de integraci\u00f3n de talentos de alto nivel y el proyecto Ivy. <\/p>\n                        <div class=\"fade-text\"><\/div>\r\n                    <\/div>\r\n                                    <\/div>\r\n            \r\n        <\/div>\r\n    <\/div>\r\n<\/section>","protected":false},"excerpt":{"rendered":"","protected":false},"author":1,"featured_media":0,"parent":0,"menu_order":0,"comment_status":"closed","ping_status":"closed","template":"","meta":{"_acf_changed":false,"footnotes":""},"class_list":["post-1027","page","type-page","status-publish","hentry"],"acf":[],"yoast_head":"<!-- This site is optimized with the Yoast SEO plugin v27.4 - https:\/\/yoast.com\/product\/yoast-seo-wordpress\/ -->\n<title>Carreras - SINOVAC LATAM<\/title>\n<meta name=\"robots\" content=\"index, follow, max-snippet:-1, max-image-preview:large, max-video-preview:-1\" \/>\n<link rel=\"canonical\" href=\"https:\/\/www.sinovaclatam.com\/es\/carreras\/\" \/>\n<meta property=\"og:locale\" content=\"es_ES\" \/>\n<meta property=\"og:type\" content=\"article\" \/>\n<meta property=\"og:title\" content=\"Carreras - SINOVAC LATAM\" \/>\n<meta property=\"og:url\" content=\"https:\/\/www.sinovaclatam.com\/es\/carreras\/\" \/>\n<meta property=\"og:site_name\" content=\"SINOVAC LATAM\" \/>\n<meta property=\"article:modified_time\" content=\"2025-03-27T14:37:36+00:00\" \/>\n<meta name=\"twitter:card\" content=\"summary_large_image\" \/>\n<script type=\"application\/ld+json\" class=\"yoast-schema-graph\">{\"@context\":\"https:\\\/\\\/schema.org\",\"@graph\":[{\"@type\":\"WebPage\",\"@id\":\"https:\\\/\\\/www.sinovaclatam.com\\\/es\\\/carreras\\\/\",\"url\":\"https:\\\/\\\/www.sinovaclatam.com\\\/es\\\/carreras\\\/\",\"name\":\"Carreras - SINOVAC LATAM\",\"isPartOf\":{\"@id\":\"https:\\\/\\\/www.sinovaclatam.com\\\/es\\\/#website\"},\"datePublished\":\"2024-10-21T18:27:27+00:00\",\"dateModified\":\"2025-03-27T14:37:36+00:00\",\"breadcrumb\":{\"@id\":\"https:\\\/\\\/www.sinovaclatam.com\\\/es\\\/carreras\\\/#breadcrumb\"},\"inLanguage\":\"es\",\"potentialAction\":[{\"@type\":\"ReadAction\",\"target\":[\"https:\\\/\\\/www.sinovaclatam.com\\\/es\\\/carreras\\\/\"]}]},{\"@type\":\"BreadcrumbList\",\"@id\":\"https:\\\/\\\/www.sinovaclatam.com\\\/es\\\/carreras\\\/#breadcrumb\",\"itemListElement\":[{\"@type\":\"ListItem\",\"position\":1,\"name\":\"In\u00edcio\",\"item\":\"https:\\\/\\\/www.sinovaclatam.com\\\/es\\\/\"},{\"@type\":\"ListItem\",\"position\":2,\"name\":\"Carreras\"}]},{\"@type\":\"WebSite\",\"@id\":\"https:\\\/\\\/www.sinovaclatam.com\\\/es\\\/#website\",\"url\":\"https:\\\/\\\/www.sinovaclatam.com\\\/es\\\/\",\"name\":\"Sinovac LATAM\",\"description\":\"\",\"potentialAction\":[{\"@type\":\"SearchAction\",\"target\":{\"@type\":\"EntryPoint\",\"urlTemplate\":\"https:\\\/\\\/www.sinovaclatam.com\\\/es\\\/?s={search_term_string}\"},\"query-input\":{\"@type\":\"PropertyValueSpecification\",\"valueRequired\":true,\"valueName\":\"search_term_string\"}}],\"inLanguage\":\"es\"}]}<\/script>\n<!-- \/ Yoast SEO plugin. -->","yoast_head_json":{"title":"Carreras - SINOVAC LATAM","robots":{"index":"index","follow":"follow","max-snippet":"max-snippet:-1","max-image-preview":"max-image-preview:large","max-video-preview":"max-video-preview:-1"},"canonical":"https:\/\/www.sinovaclatam.com\/es\/carreras\/","og_locale":"es_ES","og_type":"article","og_title":"Carreras - SINOVAC LATAM","og_url":"https:\/\/www.sinovaclatam.com\/es\/carreras\/","og_site_name":"SINOVAC LATAM","article_modified_time":"2025-03-27T14:37:36+00:00","twitter_card":"summary_large_image","schema":{"@context":"https:\/\/schema.org","@graph":[{"@type":"WebPage","@id":"https:\/\/www.sinovaclatam.com\/es\/carreras\/","url":"https:\/\/www.sinovaclatam.com\/es\/carreras\/","name":"Carreras - SINOVAC LATAM","isPartOf":{"@id":"https:\/\/www.sinovaclatam.com\/es\/#website"},"datePublished":"2024-10-21T18:27:27+00:00","dateModified":"2025-03-27T14:37:36+00:00","breadcrumb":{"@id":"https:\/\/www.sinovaclatam.com\/es\/carreras\/#breadcrumb"},"inLanguage":"es","potentialAction":[{"@type":"ReadAction","target":["https:\/\/www.sinovaclatam.com\/es\/carreras\/"]}]},{"@type":"BreadcrumbList","@id":"https:\/\/www.sinovaclatam.com\/es\/carreras\/#breadcrumb","itemListElement":[{"@type":"ListItem","position":1,"name":"In\u00edcio","item":"https:\/\/www.sinovaclatam.com\/es\/"},{"@type":"ListItem","position":2,"name":"Carreras"}]},{"@type":"WebSite","@id":"https:\/\/www.sinovaclatam.com\/es\/#website","url":"https:\/\/www.sinovaclatam.com\/es\/","name":"Sinovac LATAM","description":"","potentialAction":[{"@type":"SearchAction","target":{"@type":"EntryPoint","urlTemplate":"https:\/\/www.sinovaclatam.com\/es\/?s={search_term_string}"},"query-input":{"@type":"PropertyValueSpecification","valueRequired":true,"valueName":"search_term_string"}}],"inLanguage":"es"}]}},"_links":{"self":[{"href":"https:\/\/www.sinovaclatam.com\/es\/wp-json\/wp\/v2\/pages\/1027","targetHints":{"allow":["GET"]}}],"collection":[{"href":"https:\/\/www.sinovaclatam.com\/es\/wp-json\/wp\/v2\/pages"}],"about":[{"href":"https:\/\/www.sinovaclatam.com\/es\/wp-json\/wp\/v2\/types\/page"}],"author":[{"embeddable":true,"href":"https:\/\/www.sinovaclatam.com\/es\/wp-json\/wp\/v2\/users\/1"}],"replies":[{"embeddable":true,"href":"https:\/\/www.sinovaclatam.com\/es\/wp-json\/wp\/v2\/comments?post=1027"}],"version-history":[{"count":3,"href":"https:\/\/www.sinovaclatam.com\/es\/wp-json\/wp\/v2\/pages\/1027\/revisions"}],"predecessor-version":[{"id":1821,"href":"https:\/\/www.sinovaclatam.com\/es\/wp-json\/wp\/v2\/pages\/1027\/revisions\/1821"}],"wp:attachment":[{"href":"https:\/\/www.sinovaclatam.com\/es\/wp-json\/wp\/v2\/media?parent=1027"}],"curies":[{"name":"wp","href":"https:\/\/api.w.org\/{rel}","templated":true}]}}