{"id":1029,"date":"2024-10-22T09:21:07","date_gmt":"2024-10-22T12:21:07","guid":{"rendered":"https:\/\/www.sinovaclatam.com\/cuidado-de-la-salud\/"},"modified":"2025-03-27T10:37:12","modified_gmt":"2025-03-27T13:37:12","slug":"cuidado-de-la-salud","status":"publish","type":"page","link":"https:\/\/www.sinovaclatam.com\/es\/cuidado-de-la-salud\/","title":{"rendered":"Cuidados con la salud"},"content":{"rendered":"    <style>\r\n        #banner-padrao {\r\n            background-image: url(https:\/\/www.sinovaclatam.com\/wp-content\/uploads\/2024\/10\/imagem-banner-cuidados-e1740669246296.jpg);\r\n        }\r\n    <\/style>\r\n\r\n<section id=\"banner-padrao\">\r\n    <div id=\"redes-sociais-float\" class=\"desktop\">\r\n                    <a href=\"https:\/\/www.instagram.com\/sinovacbiotech\" target=\"_blank\">\r\n                <i class=\"fab fa-instagram\"><\/i>\r\n            <\/a>\r\n        \r\n                    <a href=\"https:\/\/linkedin.com\/company\/sinovac-biotech-ltd.\" target=\"_blank\">\r\n                <i class=\"fab fa-linkedin-in\"><\/i>\r\n            <\/a>\r\n        \r\n                    <a href=\"https:\/\/youtube.com\/sinovacbiotech\" target=\"_blank\">\r\n                <i class=\"fab fa-youtube\"><\/i>\r\n            <\/a>\r\n        \r\n\r\n\r\n    <\/div>\r\n    <div class=\"container\">\r\n        <div class=\"row\">\r\n            <div class=\"col-lg-4 col-12\">\r\n                <div class=\"titulo\">\r\n                    <h1>Cuidados con la salud<\/h1>\r\n                <\/div>\r\n            <\/div>\r\n        <\/div>\r\n    <\/div>\r\n<\/section>\n\n\r\n<section id=\"texto-padrao-69fb33ba3920f\" class=\"texto-padrao \">\r\n    <div class=\"container\">\r\n        <div class=\"row\">\r\n                            <div class=\"col-lg-6 col-12\">\r\n                    <div class=\"texto\">\r\n                        <p>La vacunaci\u00f3n ha transformado a la humanidad como pocas tecnolog\u00edas en el \u00e1mbito de la salud. esde la primera vacuna, desarrollada por el m\u00e9dico ingl\u00e9s Edward Jenner en 1796 para combatir la viruela, la ciencia ha avanzado en el estudio de enfermedades y en el desarrollo de formas seguras, diversas y eficaces de garantizar protecci\u00f3n y calidad de vida a la poblaci\u00f3n. La viruela, que caus\u00f3 300 millones de v\u00edctimas solo en el siglo XX, fue erradicada gracias a la vacunaci\u00f3n masiva, y otras enfermedades como la poliomielitis, el sarampi\u00f3n y la rub\u00e9ola han visto reducida dr\u00e1sticamente su incidencia en diversas regiones del mundo.<\/p>\n<p>Con este compromiso con la salud global, SINOVAC ha trabajado durante m\u00e1s de 20 a\u00f1os en el monitoreo, la investigaci\u00f3n y el desarrollo de vacunas para erradicar enfermedades humanas. Todo comenz\u00f3 en el siglo XX, cuando innumerables familias chinas sufr\u00edan infecciones por hepatitis A y el precio de una dosis de la vacuna importada equival\u00eda al salario mensual de una persona com\u00fan de la \u00e9poca. En este contexto, el Sr. Weidong Yin, fundador de Sinovac, decidi\u00f3 investigar y desarrollar vacunas inactivadas contra la hepatitis A para hacer la prevenci\u00f3n accesible a un mayor n\u00famero de personas, marcando as\u00ed el \u00e9xito de una vacuna desarrollada de forma independiente en China.<\/p>\n<p>SINOVAC utiliza tecnolog\u00eda de vanguardia en vacunas inactivadas y otras plataformas innovadoras para ofrecer soluciones accesibles, seguras y eficaces con el objetivo de proteger a las poblaciones vulnerables y contribuir a un futuro m\u00e1s saludable. A continuaci\u00f3n, explore las principales enfermedades que pueden prevenirse mediante la vacunaci\u00f3n y acceda a m\u00e1s informaci\u00f3n:<\/p>\n                        <div class=\"fade-text\"><\/div>\r\n                    <\/div>\r\n                                    <\/div>\r\n                                    <div class=\"col-lg-5 offset-lg-1 col-12\">\r\n                        <div class=\"imagem\">\r\n                            <img src='https:\/\/www.sinovaclatam.com\/wp-content\/uploads\/2025\/03\/julia-koblitz-rloawxt2fea-unsplash-scaled.jpg' width='2560' height='1606' alt='' \/>\r\n                        <\/div>\r\n                    <\/div>\r\n                            \r\n        <\/div>\r\n    <\/div>\r\n<\/section>\n\n\r\n\r\n<section id=\"cuidados-posts\">\r\n\r\n    <div class=\"container\">\r\n        <div class=\"row\">\r\n          \r\n            <div class=\"col-12\">\r\n                <div class=\"posts to-left\">\r\n                                                                        <div class=\"post\">\r\n                                <a href=\"https:\/\/www.sinovaclatam.com\/es\/cuidados-com-a-saude\/influenza\/\">\r\n                                    <div class=\"imagem\">\r\n                                        <img loading=\"lazy\" decoding=\"async\" width=\"768\" height=\"512\" src=\"https:\/\/www.sinovaclatam.com\/wp-content\/uploads\/2025\/02\/sick-young-woman-sitting-sofa-blowing-her-nose-home-sitting-room-768x512.jpg\" class=\"attachment-medium_large size-medium_large wp-post-image\" alt=\"\" srcset=\"https:\/\/www.sinovaclatam.com\/wp-content\/uploads\/2025\/02\/sick-young-woman-sitting-sofa-blowing-her-nose-home-sitting-room-768x512.jpg 768w, https:\/\/www.sinovaclatam.com\/wp-content\/uploads\/2025\/02\/sick-young-woman-sitting-sofa-blowing-her-nose-home-sitting-room-300x200.jpg 300w, https:\/\/www.sinovaclatam.com\/wp-content\/uploads\/2025\/02\/sick-young-woman-sitting-sofa-blowing-her-nose-home-sitting-room-1024x683.jpg 1024w, https:\/\/www.sinovaclatam.com\/wp-content\/uploads\/2025\/02\/sick-young-woman-sitting-sofa-blowing-her-nose-home-sitting-room-1536x1024.jpg 1536w, https:\/\/www.sinovaclatam.com\/wp-content\/uploads\/2025\/02\/sick-young-woman-sitting-sofa-blowing-her-nose-home-sitting-room-2048x1365.jpg 2048w\" sizes=\"auto, (max-width: 768px) 100vw, 768px\" \/>                                    <\/div>\r\n                                    <div class=\"infos\">\r\n                                        <h3>Influenza<\/h3>\r\n                                        <p>Enfermedad respiratoria contagiosa causada por el virus de la influenza. Puede ser grave, especialmente para ni\u00f1os, ancianos y personas con inmunidad comprometida.<\/p>\r\n                                    <\/div>\r\n                                <\/a>\r\n                            <\/div>\r\n                                                    <div class=\"post\">\r\n                                <a href=\"https:\/\/www.sinovaclatam.com\/es\/cuidados-com-a-saude\/covid-19\/\">\r\n                                    <div class=\"imagem\">\r\n                                        <img loading=\"lazy\" decoding=\"async\" width=\"768\" height=\"512\" src=\"https:\/\/www.sinovaclatam.com\/wp-content\/uploads\/2025\/02\/mufid-majnun-oi20ehignd4-unsplash-768x512.jpg\" class=\"attachment-medium_large size-medium_large wp-post-image\" alt=\"\" srcset=\"https:\/\/www.sinovaclatam.com\/wp-content\/uploads\/2025\/02\/mufid-majnun-oi20ehignd4-unsplash-768x512.jpg 768w, https:\/\/www.sinovaclatam.com\/wp-content\/uploads\/2025\/02\/mufid-majnun-oi20ehignd4-unsplash-300x200.jpg 300w, https:\/\/www.sinovaclatam.com\/wp-content\/uploads\/2025\/02\/mufid-majnun-oi20ehignd4-unsplash-1024x683.jpg 1024w, https:\/\/www.sinovaclatam.com\/wp-content\/uploads\/2025\/02\/mufid-majnun-oi20ehignd4-unsplash-1536x1024.jpg 1536w, https:\/\/www.sinovaclatam.com\/wp-content\/uploads\/2025\/02\/mufid-majnun-oi20ehignd4-unsplash-2048x1365.jpg 2048w\" sizes=\"auto, (max-width: 768px) 100vw, 768px\" \/>                                    <\/div>\r\n                                    <div class=\"infos\">\r\n                                        <h3>COVID-19<\/h3>\r\n                                        <p>La COVID-19 es causada por el coronavirus SARS-CoV-2, responsable de la pandemia de 2020. La vacunaci\u00f3n ayuda a reducir los casos graves y las muertes.<\/p>\r\n                                    <\/div>\r\n                                <\/a>\r\n                            <\/div>\r\n                                                    <div class=\"post\">\r\n                                <a href=\"https:\/\/www.sinovaclatam.com\/es\/cuidados-com-a-saude\/poliomielitis\/\">\r\n                                    <div class=\"imagem\">\r\n                                        <img loading=\"lazy\" decoding=\"async\" width=\"768\" height=\"511\" src=\"https:\/\/www.sinovaclatam.com\/wp-content\/uploads\/2025\/02\/doctor-administering-vaccine-kid-768x511.jpg\" class=\"attachment-medium_large size-medium_large wp-post-image\" alt=\"\" srcset=\"https:\/\/www.sinovaclatam.com\/wp-content\/uploads\/2025\/02\/doctor-administering-vaccine-kid-768x511.jpg 768w, https:\/\/www.sinovaclatam.com\/wp-content\/uploads\/2025\/02\/doctor-administering-vaccine-kid-300x200.jpg 300w, https:\/\/www.sinovaclatam.com\/wp-content\/uploads\/2025\/02\/doctor-administering-vaccine-kid-1024x681.jpg 1024w, https:\/\/www.sinovaclatam.com\/wp-content\/uploads\/2025\/02\/doctor-administering-vaccine-kid-1536x1022.jpg 1536w, https:\/\/www.sinovaclatam.com\/wp-content\/uploads\/2025\/02\/doctor-administering-vaccine-kid-2048x1363.jpg 2048w\" sizes=\"auto, (max-width: 768px) 100vw, 768px\" \/>                                    <\/div>\r\n                                    <div class=\"infos\">\r\n                                        <h3>Poliomielitis<\/h3>\r\n                                        <p>Enfermedad viral que puede causar par\u00e1lisis irreversible. La vacunaci\u00f3n es la \u00fanica forma eficaz de prevenci\u00f3n.<\/p>\r\n                                    <\/div>\r\n                                <\/a>\r\n                            <\/div>\r\n                                                    <div class=\"post\">\r\n                                <a href=\"https:\/\/www.sinovaclatam.com\/es\/cuidados-com-a-saude\/enfermedad-mano-pie-boca\/\">\r\n                                    <div class=\"imagem\">\r\n                                        <img loading=\"lazy\" decoding=\"async\" width=\"768\" height=\"512\" src=\"https:\/\/www.sinovaclatam.com\/wp-content\/uploads\/2025\/02\/adorable-baby-taking-interest-his-feet-768x512.jpg\" class=\"attachment-medium_large size-medium_large wp-post-image\" alt=\"\" srcset=\"https:\/\/www.sinovaclatam.com\/wp-content\/uploads\/2025\/02\/adorable-baby-taking-interest-his-feet-768x512.jpg 768w, https:\/\/www.sinovaclatam.com\/wp-content\/uploads\/2025\/02\/adorable-baby-taking-interest-his-feet-300x200.jpg 300w, https:\/\/www.sinovaclatam.com\/wp-content\/uploads\/2025\/02\/adorable-baby-taking-interest-his-feet-1024x683.jpg 1024w, https:\/\/www.sinovaclatam.com\/wp-content\/uploads\/2025\/02\/adorable-baby-taking-interest-his-feet-1536x1024.jpg 1536w, https:\/\/www.sinovaclatam.com\/wp-content\/uploads\/2025\/02\/adorable-baby-taking-interest-his-feet-2048x1365.jpg 2048w\" sizes=\"auto, (max-width: 768px) 100vw, 768px\" \/>                                    <\/div>\r\n                                    <div class=\"infos\">\r\n                                        <h3>Enfermedad mano-pie-boca<\/h3>\r\n                                        <p>Infecci\u00f3n com\u00fan en ni\u00f1os, causada por enterovirus. Puede provocar erupciones en manos, pies y boca, adem\u00e1s de complicaciones neurol\u00f3gicas en casos graves.<\/p>\r\n                                    <\/div>\r\n                                <\/a>\r\n                            <\/div>\r\n                                                    <div class=\"post\">\r\n                                <a href=\"https:\/\/www.sinovaclatam.com\/es\/cuidados-com-a-saude\/enfermedades-neumococicas\/\">\r\n                                    <div class=\"imagem\">\r\n                                        <img loading=\"lazy\" decoding=\"async\" width=\"768\" height=\"512\" src=\"https:\/\/www.sinovaclatam.com\/wp-content\/uploads\/2025\/02\/sick-woman-mask-having-difficulty-breathing-coronavirus-pandemic-2-768x512.jpg\" class=\"attachment-medium_large size-medium_large wp-post-image\" alt=\"\" srcset=\"https:\/\/www.sinovaclatam.com\/wp-content\/uploads\/2025\/02\/sick-woman-mask-having-difficulty-breathing-coronavirus-pandemic-2-768x512.jpg 768w, https:\/\/www.sinovaclatam.com\/wp-content\/uploads\/2025\/02\/sick-woman-mask-having-difficulty-breathing-coronavirus-pandemic-2-300x200.jpg 300w, https:\/\/www.sinovaclatam.com\/wp-content\/uploads\/2025\/02\/sick-woman-mask-having-difficulty-breathing-coronavirus-pandemic-2-1024x683.jpg 1024w, https:\/\/www.sinovaclatam.com\/wp-content\/uploads\/2025\/02\/sick-woman-mask-having-difficulty-breathing-coronavirus-pandemic-2-1536x1024.jpg 1536w, https:\/\/www.sinovaclatam.com\/wp-content\/uploads\/2025\/02\/sick-woman-mask-having-difficulty-breathing-coronavirus-pandemic-2-2048x1365.jpg 2048w\" sizes=\"auto, (max-width: 768px) 100vw, 768px\" \/>                                    <\/div>\r\n                                    <div class=\"infos\">\r\n                                        <h3>Enfermedades Neumoc\u00f3cicas<\/h3>\r\n                                        <p>Infecciones causadas por la bacteria Streptococcus pneumoniae, como neumon\u00eda, meningitis y otras complicaciones graves.<\/p>\r\n                                    <\/div>\r\n                                <\/a>\r\n                            <\/div>\r\n                                                    <div class=\"post\">\r\n                                <a href=\"https:\/\/www.sinovaclatam.com\/es\/cuidados-com-a-saude\/varicela\/\">\r\n                                    <div class=\"imagem\">\r\n                                        <img loading=\"lazy\" decoding=\"async\" width=\"768\" height=\"512\" src=\"https:\/\/www.sinovaclatam.com\/wp-content\/uploads\/2025\/02\/mother-daughter-showing-sticker-arm-after-getting-vaccine-768x512.jpg\" class=\"attachment-medium_large size-medium_large wp-post-image\" alt=\"\" srcset=\"https:\/\/www.sinovaclatam.com\/wp-content\/uploads\/2025\/02\/mother-daughter-showing-sticker-arm-after-getting-vaccine-768x512.jpg 768w, https:\/\/www.sinovaclatam.com\/wp-content\/uploads\/2025\/02\/mother-daughter-showing-sticker-arm-after-getting-vaccine-300x200.jpg 300w, https:\/\/www.sinovaclatam.com\/wp-content\/uploads\/2025\/02\/mother-daughter-showing-sticker-arm-after-getting-vaccine-1024x683.jpg 1024w, https:\/\/www.sinovaclatam.com\/wp-content\/uploads\/2025\/02\/mother-daughter-showing-sticker-arm-after-getting-vaccine-1536x1024.jpg 1536w, https:\/\/www.sinovaclatam.com\/wp-content\/uploads\/2025\/02\/mother-daughter-showing-sticker-arm-after-getting-vaccine-2048x1365.jpg 2048w\" sizes=\"auto, (max-width: 768px) 100vw, 768px\" \/>                                    <\/div>\r\n                                    <div class=\"infos\">\r\n                                        <h3>Varicela<\/h3>\r\n                                        <p>Enfermedad viral com\u00fan en la infancia, con s\u00edntomas como fiebre, erupciones cut\u00e1neas y picaz\u00f3n.<\/p>\r\n                                    <\/div>\r\n                                <\/a>\r\n                            <\/div>\r\n                                                    <div class=\"post\">\r\n                                <a href=\"https:\/\/www.sinovaclatam.com\/es\/cuidados-com-a-saude\/paperas\/\">\r\n                                    <div class=\"imagem\">\r\n                                        <img loading=\"lazy\" decoding=\"async\" width=\"768\" height=\"513\" src=\"https:\/\/www.sinovaclatam.com\/wp-content\/uploads\/2025\/02\/close-up-skin-pores-face-care-routine-768x513.jpg\" class=\"attachment-medium_large size-medium_large wp-post-image\" alt=\"\" srcset=\"https:\/\/www.sinovaclatam.com\/wp-content\/uploads\/2025\/02\/close-up-skin-pores-face-care-routine-768x513.jpg 768w, https:\/\/www.sinovaclatam.com\/wp-content\/uploads\/2025\/02\/close-up-skin-pores-face-care-routine-300x200.jpg 300w, https:\/\/www.sinovaclatam.com\/wp-content\/uploads\/2025\/02\/close-up-skin-pores-face-care-routine-1024x684.jpg 1024w, https:\/\/www.sinovaclatam.com\/wp-content\/uploads\/2025\/02\/close-up-skin-pores-face-care-routine-1536x1025.jpg 1536w, https:\/\/www.sinovaclatam.com\/wp-content\/uploads\/2025\/02\/close-up-skin-pores-face-care-routine-2048x1367.jpg 2048w\" sizes=\"auto, (max-width: 768px) 100vw, 768px\" \/>                                    <\/div>\r\n                                    <div class=\"infos\">\r\n                                        <h3>Paperas<\/h3>\r\n                                        <p>Infecci\u00f3n viral que provoca inflamaci\u00f3n de las gl\u00e1ndulas salivales y puede causar complicaciones, como meningitis.<\/p>\r\n                                    <\/div>\r\n                                <\/a>\r\n                            <\/div>\r\n                                                    <div class=\"post\">\r\n                                <a href=\"https:\/\/www.sinovaclatam.com\/es\/cuidados-com-a-saude\/hepatitis-a\/\">\r\n                                    <div class=\"imagem\">\r\n                                        <img loading=\"lazy\" decoding=\"async\" width=\"768\" height=\"511\" src=\"https:\/\/www.sinovaclatam.com\/wp-content\/uploads\/2025\/02\/img-cuidados-8-768x511.jpg\" class=\"attachment-medium_large size-medium_large wp-post-image\" alt=\"\" srcset=\"https:\/\/www.sinovaclatam.com\/wp-content\/uploads\/2025\/02\/img-cuidados-8-768x511.jpg 768w, https:\/\/www.sinovaclatam.com\/wp-content\/uploads\/2025\/02\/img-cuidados-8-300x200.jpg 300w, https:\/\/www.sinovaclatam.com\/wp-content\/uploads\/2025\/02\/img-cuidados-8-1024x682.jpg 1024w, https:\/\/www.sinovaclatam.com\/wp-content\/uploads\/2025\/02\/img-cuidados-8-1536x1023.jpg 1536w, https:\/\/www.sinovaclatam.com\/wp-content\/uploads\/2025\/02\/img-cuidados-8-2048x1364.jpg 2048w\" sizes=\"auto, (max-width: 768px) 100vw, 768px\" \/>                                    <\/div>\r\n                                    <div class=\"infos\">\r\n                                        <h3>Hepatitis A<\/h3>\r\n                                        <p>Enfermedad hep\u00e1tica transmitida por agua o alimentos contaminados. La vacunaci\u00f3n ofrece protecci\u00f3n a largo plazo.<\/p>\r\n                                    <\/div>\r\n                                <\/a>\r\n                            <\/div>\r\n                                                    <div class=\"post\">\r\n                                <a href=\"https:\/\/www.sinovaclatam.com\/es\/cuidados-com-a-saude\/hepatitis-b\/\">\r\n                                    <div class=\"imagem\">\r\n                                        <img loading=\"lazy\" decoding=\"async\" width=\"768\" height=\"512\" src=\"https:\/\/www.sinovaclatam.com\/wp-content\/uploads\/2025\/02\/img-cuidados-9-768x512.jpg\" class=\"attachment-medium_large size-medium_large wp-post-image\" alt=\"\" srcset=\"https:\/\/www.sinovaclatam.com\/wp-content\/uploads\/2025\/02\/img-cuidados-9-768x512.jpg 768w, https:\/\/www.sinovaclatam.com\/wp-content\/uploads\/2025\/02\/img-cuidados-9-300x200.jpg 300w, https:\/\/www.sinovaclatam.com\/wp-content\/uploads\/2025\/02\/img-cuidados-9-1024x683.jpg 1024w, https:\/\/www.sinovaclatam.com\/wp-content\/uploads\/2025\/02\/img-cuidados-9-1536x1024.jpg 1536w, https:\/\/www.sinovaclatam.com\/wp-content\/uploads\/2025\/02\/img-cuidados-9-2048x1365.jpg 2048w\" sizes=\"auto, (max-width: 768px) 100vw, 768px\" \/>                                    <\/div>\r\n                                    <div class=\"infos\">\r\n                                        <h3>Hepatitis B<\/h3>\r\n                                        <p>Infecci\u00f3n que puede evolucionar a enfermedades hep\u00e1ticas cr\u00f3nicas, como cirrosis y c\u00e1ncer de h\u00edgado.<\/p>\r\n                                    <\/div>\r\n                                <\/a>\r\n                            <\/div>\r\n                                                            <\/div>\r\n            <\/div>\r\n        <\/div>\r\n    <\/div>\r\n    \r\n<\/section>","protected":false},"excerpt":{"rendered":"","protected":false},"author":1,"featured_media":0,"parent":0,"menu_order":0,"comment_status":"closed","ping_status":"closed","template":"template-secundarias.php","meta":{"_acf_changed":false,"footnotes":""},"class_list":["post-1029","page","type-page","status-publish","hentry"],"acf":[],"yoast_head":"<!-- This site is optimized with the Yoast SEO plugin v27.5 - https:\/\/yoast.com\/product\/yoast-seo-wordpress\/ -->\n<title>Cuidados con la salud - SINOVAC LATAM<\/title>\n<meta name=\"robots\" content=\"index, follow, max-snippet:-1, max-image-preview:large, max-video-preview:-1\" \/>\n<link rel=\"canonical\" href=\"https:\/\/www.sinovaclatam.com\/es\/cuidado-de-la-salud\/\" \/>\n<meta property=\"og:locale\" content=\"es_ES\" \/>\n<meta property=\"og:type\" content=\"article\" \/>\n<meta property=\"og:title\" content=\"Cuidados con la salud - SINOVAC LATAM\" \/>\n<meta property=\"og:url\" content=\"https:\/\/www.sinovaclatam.com\/es\/cuidado-de-la-salud\/\" \/>\n<meta property=\"og:site_name\" content=\"SINOVAC LATAM\" \/>\n<meta property=\"article:modified_time\" content=\"2025-03-27T13:37:12+00:00\" \/>\n<meta name=\"twitter:card\" content=\"summary_large_image\" \/>\n<script type=\"application\/ld+json\" class=\"yoast-schema-graph\">{\"@context\":\"https:\\\/\\\/schema.org\",\"@graph\":[{\"@type\":\"WebPage\",\"@id\":\"https:\\\/\\\/www.sinovaclatam.com\\\/es\\\/cuidado-de-la-salud\\\/\",\"url\":\"https:\\\/\\\/www.sinovaclatam.com\\\/es\\\/cuidado-de-la-salud\\\/\",\"name\":\"Cuidados con la salud - SINOVAC LATAM\",\"isPartOf\":{\"@id\":\"https:\\\/\\\/www.sinovaclatam.com\\\/es\\\/#website\"},\"datePublished\":\"2024-10-22T12:21:07+00:00\",\"dateModified\":\"2025-03-27T13:37:12+00:00\",\"breadcrumb\":{\"@id\":\"https:\\\/\\\/www.sinovaclatam.com\\\/es\\\/cuidado-de-la-salud\\\/#breadcrumb\"},\"inLanguage\":\"es\",\"potentialAction\":[{\"@type\":\"ReadAction\",\"target\":[\"https:\\\/\\\/www.sinovaclatam.com\\\/es\\\/cuidado-de-la-salud\\\/\"]}]},{\"@type\":\"BreadcrumbList\",\"@id\":\"https:\\\/\\\/www.sinovaclatam.com\\\/es\\\/cuidado-de-la-salud\\\/#breadcrumb\",\"itemListElement\":[{\"@type\":\"ListItem\",\"position\":1,\"name\":\"In\u00edcio\",\"item\":\"https:\\\/\\\/www.sinovaclatam.com\\\/es\\\/\"},{\"@type\":\"ListItem\",\"position\":2,\"name\":\"Cuidados con la salud\"}]},{\"@type\":\"WebSite\",\"@id\":\"https:\\\/\\\/www.sinovaclatam.com\\\/es\\\/#website\",\"url\":\"https:\\\/\\\/www.sinovaclatam.com\\\/es\\\/\",\"name\":\"Sinovac LATAM\",\"description\":\"\",\"potentialAction\":[{\"@type\":\"SearchAction\",\"target\":{\"@type\":\"EntryPoint\",\"urlTemplate\":\"https:\\\/\\\/www.sinovaclatam.com\\\/es\\\/?s={search_term_string}\"},\"query-input\":{\"@type\":\"PropertyValueSpecification\",\"valueRequired\":true,\"valueName\":\"search_term_string\"}}],\"inLanguage\":\"es\"}]}<\/script>\n<!-- \/ Yoast SEO plugin. -->","yoast_head_json":{"title":"Cuidados con la salud - SINOVAC LATAM","robots":{"index":"index","follow":"follow","max-snippet":"max-snippet:-1","max-image-preview":"max-image-preview:large","max-video-preview":"max-video-preview:-1"},"canonical":"https:\/\/www.sinovaclatam.com\/es\/cuidado-de-la-salud\/","og_locale":"es_ES","og_type":"article","og_title":"Cuidados con la salud - SINOVAC LATAM","og_url":"https:\/\/www.sinovaclatam.com\/es\/cuidado-de-la-salud\/","og_site_name":"SINOVAC LATAM","article_modified_time":"2025-03-27T13:37:12+00:00","twitter_card":"summary_large_image","schema":{"@context":"https:\/\/schema.org","@graph":[{"@type":"WebPage","@id":"https:\/\/www.sinovaclatam.com\/es\/cuidado-de-la-salud\/","url":"https:\/\/www.sinovaclatam.com\/es\/cuidado-de-la-salud\/","name":"Cuidados con la salud - SINOVAC LATAM","isPartOf":{"@id":"https:\/\/www.sinovaclatam.com\/es\/#website"},"datePublished":"2024-10-22T12:21:07+00:00","dateModified":"2025-03-27T13:37:12+00:00","breadcrumb":{"@id":"https:\/\/www.sinovaclatam.com\/es\/cuidado-de-la-salud\/#breadcrumb"},"inLanguage":"es","potentialAction":[{"@type":"ReadAction","target":["https:\/\/www.sinovaclatam.com\/es\/cuidado-de-la-salud\/"]}]},{"@type":"BreadcrumbList","@id":"https:\/\/www.sinovaclatam.com\/es\/cuidado-de-la-salud\/#breadcrumb","itemListElement":[{"@type":"ListItem","position":1,"name":"In\u00edcio","item":"https:\/\/www.sinovaclatam.com\/es\/"},{"@type":"ListItem","position":2,"name":"Cuidados con la salud"}]},{"@type":"WebSite","@id":"https:\/\/www.sinovaclatam.com\/es\/#website","url":"https:\/\/www.sinovaclatam.com\/es\/","name":"Sinovac LATAM","description":"","potentialAction":[{"@type":"SearchAction","target":{"@type":"EntryPoint","urlTemplate":"https:\/\/www.sinovaclatam.com\/es\/?s={search_term_string}"},"query-input":{"@type":"PropertyValueSpecification","valueRequired":true,"valueName":"search_term_string"}}],"inLanguage":"es"}]}},"_links":{"self":[{"href":"https:\/\/www.sinovaclatam.com\/es\/wp-json\/wp\/v2\/pages\/1029","targetHints":{"allow":["GET"]}}],"collection":[{"href":"https:\/\/www.sinovaclatam.com\/es\/wp-json\/wp\/v2\/pages"}],"about":[{"href":"https:\/\/www.sinovaclatam.com\/es\/wp-json\/wp\/v2\/types\/page"}],"author":[{"embeddable":true,"href":"https:\/\/www.sinovaclatam.com\/es\/wp-json\/wp\/v2\/users\/1"}],"replies":[{"embeddable":true,"href":"https:\/\/www.sinovaclatam.com\/es\/wp-json\/wp\/v2\/comments?post=1029"}],"version-history":[{"count":4,"href":"https:\/\/www.sinovaclatam.com\/es\/wp-json\/wp\/v2\/pages\/1029\/revisions"}],"predecessor-version":[{"id":1801,"href":"https:\/\/www.sinovaclatam.com\/es\/wp-json\/wp\/v2\/pages\/1029\/revisions\/1801"}],"wp:attachment":[{"href":"https:\/\/www.sinovaclatam.com\/es\/wp-json\/wp\/v2\/media?parent=1029"}],"curies":[{"name":"wp","href":"https:\/\/api.w.org\/{rel}","templated":true}]}}