{"id":1031,"date":"2024-10-31T05:02:08","date_gmt":"2024-10-31T08:02:08","guid":{"rendered":"https:\/\/www.sinovaclatam.com\/investigacion-y-desarrollo\/"},"modified":"2025-03-27T11:06:43","modified_gmt":"2025-03-27T14:06:43","slug":"investigacion-y-desarrollo","status":"publish","type":"page","link":"https:\/\/www.sinovaclatam.com\/es\/investigacion-y-desarrollo\/","title":{"rendered":"Investigaci\u00f3n y desarrollo"},"content":{"rendered":"    <style>\r\n        #banner-padrao {\r\n            background-image: url(https:\/\/www.sinovaclatam.com\/wp-content\/uploads\/2024\/10\/bg-pesquisa.jpg);\r\n        }\r\n    <\/style>\r\n\r\n<section id=\"banner-padrao\">\r\n    <div id=\"redes-sociais-float\" class=\"desktop\">\r\n                    <a href=\"https:\/\/www.instagram.com\/sinovacbiotech\" target=\"_blank\">\r\n                <i class=\"fab fa-instagram\"><\/i>\r\n            <\/a>\r\n        \r\n                    <a href=\"https:\/\/linkedin.com\/company\/sinovac-biotech-ltd.\" target=\"_blank\">\r\n                <i class=\"fab fa-linkedin-in\"><\/i>\r\n            <\/a>\r\n        \r\n                    <a href=\"https:\/\/youtube.com\/sinovacbiotech\" target=\"_blank\">\r\n                <i class=\"fab fa-youtube\"><\/i>\r\n            <\/a>\r\n        \r\n\r\n\r\n    <\/div>\r\n    <div class=\"container\">\r\n        <div class=\"row\">\r\n            <div class=\"col-lg-4 col-12\">\r\n                <div class=\"titulo\">\r\n                    <h1>Investigaci\u00f3n y desarrollo<\/h1>\r\n                <\/div>\r\n            <\/div>\r\n        <\/div>\r\n    <\/div>\r\n<\/section>\n\n    <style>\r\n        #texto-padrao-69f179108f982 {\r\n            background-image: url(https:\/\/www.sinovaclatam.com\/wp-content\/uploads\/2024\/10\/bg-1-sust.png);\r\n        }\r\n    <\/style>\r\n\r\n<section id=\"texto-padrao-69f179108f982\" class=\"texto-padrao \">\r\n    <div class=\"container\">\r\n        <div class=\"row\">\r\n                            <div class=\"col-lg-7 col-12\">\r\n                    <div class=\"texto\">\r\n                        <p>SINOVAC est\u00e1 comprometida con el desarrollo y la innovaci\u00f3n en la producci\u00f3n de vacunas de alta calidad a gran escala, con el objetivo de prevenir enfermedades y proteger la salud de las personas en todo el mundo.<\/p>\n<p>SINOVAC invierte significativamente en I+D e innovaci\u00f3n para fomentar descubrimientos cient\u00edficos, mantener rigurosos est\u00e1ndares de calidad y erradicar enfermedades humanas. La compa\u00f1\u00eda ha desarrollado productos biol\u00f3gicos en diversas plataformas tecnol\u00f3gicas, como vacunas inactivadas, vacunas de vectores virales, vacunas vivas atenuadas, vacunas de ingenier\u00eda gen\u00e9tica, vacunas conjugadas de polisac\u00e1ridos y prote\u00ednas bacterianas, vacunas combinadas y vacunas de ARNm, entre otras.<\/p>\n<p>Al mismo tiempo, SINOVAC ha dominado una serie de tecnolog\u00edas esenciales, como la construcci\u00f3n de cepas bacterianas, el cultivo de microtransportadores a gran escala, la purificaci\u00f3n de polisac\u00e1ridos\/prote\u00ednas, el enlace y la formulaci\u00f3n, y ha estrechado v\u00ednculos con el Centro Nacional de Vacunas de BRICS, el Centro de I+D de Vacunas, el Centro de Tecnolog\u00eda Empresarial de Beijing, el Centro de Ingenier\u00eda de Vacunas Innovadoras de Beijing, el Centro de Investigaci\u00f3n Postdoctoral y otras plataformas. Esto permite mejorar continuamente su capacidad en I+D e innovaci\u00f3n.<\/p>\n<p>Adem\u00e1s, Sinovac se compromete a alcanzar diversos objetivos de desarrollo saludable establecidos por las autoridades locales e internacionales. La compa\u00f1\u00eda tambi\u00e9n ofrece disposiciones expl\u00edcitas sobre \u201cel desarrollo de tecnolog\u00eda de vanguardia para nuevas vacunas, la ampliaci\u00f3n del alcance del Programa Nacional de Inmunizaci\u00f3n y la protecci\u00f3n de la salud de las personas\u201d.<\/p>\n                        <div class=\"fade-text\"><\/div>\r\n                    <\/div>\r\n                                    <\/div>\r\n                                    <div class=\"col-lg-4 offset-lg-1 col-12\">\r\n                        <div class=\"imagem\">\r\n                            <img src='https:\/\/www.sinovaclatam.com\/wp-content\/uploads\/2024\/10\/img-pesquisa.png' width='625' height='550' alt='' \/>\r\n                        <\/div>\r\n                    <\/div>\r\n                            \r\n        <\/div>\r\n    <\/div>\r\n<\/section>\n\n\r\n<section id=\"topicos-pesquisa\">\r\n    <div class=\"topicos\">\r\n        <div class=\"topico principal\">\r\n\r\n            <div class=\"conteudo\">\r\n\r\n                <h4>Misi\u00f3n<\/h4>\n<p>Proveer vacunas para eliminar enfermedades humanas<\/p>\n\r\n            <\/div>\r\n        <\/div>\r\n                    <div class=\"topico\">\r\n                <div class=\"icone\">\r\n                    <img class=\"icon\" src='https:\/\/www.sinovaclatam.com\/wp-content\/uploads\/2024\/10\/1.png' width='63' height='60' alt='' \/>\r\n                    <img class=\"detalhe\" src='https:\/\/www.sinovaclatam.com\/wp-content\/themes\/pulso-engine-branding-2.0.5\/assets\/img\/detalhe-pesquisa.png' width='' height='' alt='' \/>\r\n                <\/div>\r\n                <div class=\"conteudo\">\r\n\r\n                    <h4>Operaci\u00f3n sostenible<\/h4>\n<p>La estrategia de desarrollo verde de Sinovac se implementa y se persigue con un compromiso inquebrantable al equilibrar el desarrollo econ\u00f3mico y la protecci\u00f3n del medio ambiente.<\/p>\n\r\n                <\/div>\r\n            <\/div>\r\n                    <div class=\"topico\">\r\n                <div class=\"icone\">\r\n                    <img class=\"icon\" src='https:\/\/www.sinovaclatam.com\/wp-content\/uploads\/2024\/10\/2.png' width='76' height='58' alt='' \/>\r\n                    <img class=\"detalhe\" src='https:\/\/www.sinovaclatam.com\/wp-content\/themes\/pulso-engine-branding-2.0.5\/assets\/img\/detalhe-pesquisa.png' width='' height='' alt='' \/>\r\n                <\/div>\r\n                <div class=\"conteudo\">\r\n\r\n                    <h4>Desarrollo de talento<\/h4>\n<p>La capacitaci\u00f3n de los empleados se lleva a cabo en un entorno de trabajo diverso, igualitario e inclusivo. De esta manera, todos pueden desempe\u00f1ar su papel y adoptar el desarrollo sostenible.<\/p>\n\r\n                <\/div>\r\n            <\/div>\r\n                    <div class=\"topico\">\r\n                <div class=\"icone\">\r\n                    <img class=\"icon\" src='https:\/\/www.sinovaclatam.com\/wp-content\/uploads\/2024\/10\/3.png' width='43' height='68' alt='' \/>\r\n                    <img class=\"detalhe\" src='https:\/\/www.sinovaclatam.com\/wp-content\/themes\/pulso-engine-branding-2.0.5\/assets\/img\/detalhe-pesquisa.png' width='' height='' alt='' \/>\r\n                <\/div>\r\n                <div class=\"conteudo\">\r\n\r\n                    <h4>Bienestar p\u00fablico<\/h4>\n<p>La Fundaci\u00f3n SINOVAC fomenta la Investigaci\u00f3n y el Desarrollo, as\u00ed como la innovaci\u00f3n cient\u00edfica comprometida con la sostenibilidad en los \u00e1mbitos biofarmac\u00e9utico y social.<\/p>\n\r\n                <\/div>\r\n            <\/div>\r\n                    <div class=\"topico\">\r\n                <div class=\"icone\">\r\n                    <img class=\"icon\" src='https:\/\/www.sinovaclatam.com\/wp-content\/uploads\/2024\/10\/4.png' width='59' height='69' alt='' \/>\r\n                    <img class=\"detalhe\" src='https:\/\/www.sinovaclatam.com\/wp-content\/themes\/pulso-engine-branding-2.0.5\/assets\/img\/detalhe-pesquisa.png' width='' height='' alt='' \/>\r\n                <\/div>\r\n                <div class=\"conteudo\">\r\n\r\n                    <h4>Cooperaci\u00f3n mutua<\/h4>\n<p>El intercambio de conocimientos y tecnolog\u00edas entre empresas del sector ayuda a SINOVAC a estar siempre actualizado, fomentando un desarrollo s\u00f3lido y moderno.<\/p>\n\r\n                <\/div>\r\n            <\/div>\r\n                    <div class=\"topico\">\r\n                <div class=\"icone\">\r\n                    <img class=\"icon\" src='https:\/\/www.sinovaclatam.com\/wp-content\/uploads\/2024\/10\/5.png' width='60' height='63' alt='' \/>\r\n                    <img class=\"detalhe\" src='https:\/\/www.sinovaclatam.com\/wp-content\/themes\/pulso-engine-branding-2.0.5\/assets\/img\/detalhe-pesquisa.png' width='' height='' alt='' \/>\r\n                <\/div>\r\n                <div class=\"conteudo\">\r\n\r\n                    <h4>Productos de alta calidad<\/h4>\n<p>Al fomentar la innovaci\u00f3n en una infraestructura moderna, SINOVAC puede ofrecer vacunas de vanguardia y contribuir a la expansi\u00f3n de la industria de la salud global.<\/p>\n\r\n                <\/div>\r\n            <\/div>\r\n                    <div class=\"topico\">\r\n                <div class=\"icone\">\r\n                    <img class=\"icon\" src='https:\/\/www.sinovaclatam.com\/wp-content\/uploads\/2024\/10\/6.png' width='59' height='60' alt='' \/>\r\n                    <img class=\"detalhe\" src='https:\/\/www.sinovaclatam.com\/wp-content\/themes\/pulso-engine-branding-2.0.5\/assets\/img\/detalhe-pesquisa.png' width='' height='' alt='' \/>\r\n                <\/div>\r\n                <div class=\"conteudo\">\r\n\r\n                    <h4>Gesti\u00f3n de cumplimiento<\/h4>\n<p>Mejorar continuamente la gesti\u00f3n del cumplimiento, intensificar nuestros esfuerzos en la prevenci\u00f3n y control de riesgos, la lucha contra la corrupci\u00f3n, el mantenimiento de la integridad y otras labores importantes de cumplimiento.<\/p>\n\r\n                <\/div>\r\n            <\/div>\r\n            <\/div>\r\n<\/section>\n\n    <style>\r\n        #texto-pesquisa {\r\n            background-image: url(https:\/\/www.sinovaclatam.com\/wp-content\/uploads\/2024\/10\/bg-pesquisa-texto.jpg);\r\n        }\r\n    <\/style>\r\n\r\n<section id=\"texto-pesquisa\" class=\"texto-padrao \">\r\n    <div class=\"container\">\r\n        <div class=\"row\">\r\n                            <div class=\"col-lg-7 col-12\">\r\n                    <div class=\"texto\">\r\n                        <h2><strong>Instituto de Investigaci\u00f3n SINOVAC<\/strong><br \/>\nConectando el poder de la ciencia para promover la salud global<\/h2>\n<p>El Instituto de Investigaci\u00f3n de SINOVAC promueve el desarrollo de medicamentos centrados en las necesidades cl\u00ednicas de las principales enfermedades de impacto global. Con un equipo altamente calificado y una infraestructura de vanguardia, el Instituto integra investigaciones cient\u00edficas, pruebas, seguridad y control de calidad para desarrollar productos biol\u00f3gicos innovadores, como vacunas, anticuerpos y prote\u00ednas de fusi\u00f3n. El objetivo es poner estos productos r\u00e1pidamente a disposici\u00f3n de la poblaci\u00f3n, garantizando el acceso para todos.<\/p>\n<p>El Instituto de Investigaci\u00f3n tambi\u00e9n se est\u00e1 preparando para expandir sus operaciones con la construcci\u00f3n de una nueva base en Changping, Pek\u00edn, cerca del Parque de Ciencias de la Vida. La nueva instalaci\u00f3n, de 120,000 metros cuadrados, ser\u00e1 un centro avanzado para la transformaci\u00f3n de resultados biofarmac\u00e9uticos, ofreciendo apoyo al desarrollo, pruebas e industrializaci\u00f3n de nuevos productos, conectando la ciencia y la tecnolog\u00eda de vanguardia con la pr\u00e1ctica cl\u00ednica. Se prev\u00e9 que la operaci\u00f3n de la nueva sede comience en 2024.<\/p>\n                        <div class=\"fade-text\"><\/div>\r\n                    <\/div>\r\n                                    <\/div>\r\n                            \r\n        <\/div>\r\n    <\/div>\r\n<\/section>\n\n\r\n<section id=\"texto-pesquisa-2\" class=\"texto-padrao esquerda\">\r\n    <div class=\"container\">\r\n        <div class=\"row\">\r\n                                                <div class=\"col-lg-4 col-12\">\r\n                        <div class=\"imagem\">\r\n                            <img src='https:\/\/www.sinovaclatam.com\/wp-content\/uploads\/2024\/10\/gettyimages-1087218874.png' width='625' height='464' alt='' \/>\r\n                        <\/div>\r\n                    <\/div>\r\n                                <div class=\"col-lg-7 offset-lg-1 col-12\">\r\n                    <div class=\"texto\">\r\n                        <h2>Departamento de Desarrollo Farmac\u00e9utico<\/h2>\n<p>El Departamento de Desarrollo Farmac\u00e9utico mantiene la misi\u00f3n de SINOVAC de \u00abproveer vacunas para eliminar enfermedades humanas\u00bb a partir de tres grandes plataformas de desarrollo de procesos: el Centro de Vacunas, el Centro de ARNm y el Centro de Anticuerpos. Con un equipo de aproximadamente 400 colaboradores que trabaja en laboratorios y plantas piloto en un \u00e1rea de 55,700 metros cuadrados, los colaboradores fomentan el desarrollo de investigaciones de calidad para varios productos de la empresa.<\/p>\n<p>Adem\u00e1s, los sistemas de garant\u00eda de calidad, an\u00e1lisis y evaluaci\u00f3n de seguridad aseguran la eficiencia y excelencia de las investigaciones precl\u00ednicas.<\/p>\n                        <div class=\"fade-text\"><\/div>\r\n                    <\/div>\r\n                                    <\/div>\r\n            \r\n        <\/div>\r\n    <\/div>\r\n<\/section>\n\n\r\n<section id=\"texto-pesquisa-3\" class=\"texto-padrao \">\r\n    <div class=\"container\">\r\n        <div class=\"row\">\r\n                            <div class=\"col-lg-7 col-12\">\r\n                    <div class=\"texto\">\r\n                        <h2>Pipeline<\/h2>\n<p>SINOVAC mantiene un pipeline diversificado, siempre innovando para desarrollar vacunas que sean m\u00e1s seguras y eficaces. Actualmente, se est\u00e1n desarrollando vacunas contra meningitis, tosferina, neumococo, rabia, enfermedad mano-pie-boca y rotavirus. La empresa contin\u00faa invirtiendo en nuevos productos para ampliar la cobertura de vacunaci\u00f3n global y proteger la salud de las poblaciones en todas las regiones del mundo.<\/p>\n                        <div class=\"fade-text\"><\/div>\r\n                    <\/div>\r\n                                    <\/div>\r\n                                    <div class=\"col-lg-4 offset-lg-1 col-12\">\r\n                        <div class=\"imagem\">\r\n                            <img src='https:\/\/www.sinovaclatam.com\/wp-content\/uploads\/2024\/10\/gettyimages-487825246.png' width='625' height='464' alt='' \/>\r\n                        <\/div>\r\n                    <\/div>\r\n                            \r\n        <\/div>\r\n    <\/div>\r\n<\/section>\n\n\r\n<section id=\"texto-padrao-69f1791095c25\" class=\"textos-padrao\">\r\n    <div class=\"container\">\r\n        <div class=\"row\">\r\n            <div class=\"col-12\">\r\n                <div class=\"texto texto-1\">\r\n                    <h2>Logros cient\u00edficos<\/h2>\n<p>SINOVAC siempre ha priorizado las necesidades de salud de la poblaci\u00f3n global, alcanzando hitos importantes en su trayectoria de innovaci\u00f3n cient\u00edfica. A lo largo de su historia, la empresa ha participado en innumerables proyectos de investigaci\u00f3n y desarrollo, ha obtenido diversas patentes y ha sido ampliamente reconocida por sus contribuciones cient\u00edficas. Entre los principales logros de SINOVAC se encuentran:  <\/p>\n                <\/div>\r\n            <\/div>\r\n            <div class=\"col-12\">\r\n                <div class=\"texto texto-2\">\r\n                    <p>&nbsp;<\/p>\n<ul>\n<li>Aislamiento de la cepa TZ84 del virus de la hepatitis A y an\u00e1lisis de la estructura cristalina del virus de la hepatitis A y del EV71 (enterovirus 71).<\/li>\n<li>Respuesta efectiva, como las epidemias de SARS, influenza A H1N1 y la lucha contra COVID-19.\n<ul>\n<li>Participaci\u00f3n en aproximadamente 60 proyectos de investigaci\u00f3n cient\u00edfica en China, incluyendo:<\/li>\n<li>Programa Nacional de I+D de Tecnolog\u00edas Clave de China.<\/li>\n<li>Programa 863, orientado al desarrollo de alta tecnolog\u00eda.<\/li>\n<li>Gran Proyecto Especial para el Desarrollo de Nuevos Medicamentos.<\/li>\n<li>Gran Proyecto Especial para la Prevenci\u00f3n y Control de Enfermedades Infecciosas.<\/li>\n<\/ul>\n<\/li>\n<li>Obtenci\u00f3n de 4 premios nacionales de ciencia y tecnolog\u00eda y 5 premios provinciales de progreso en ciencia y tecnolog\u00eda.<\/li>\n<li>M\u00e1s de 130 patentes solicitadas, con m\u00e1s de 90 autorizaciones ya concedidas.<\/li>\n<li>Publicaci\u00f3n de m\u00e1s de 140 art\u00edculos cient\u00edficos en revistas de renombre, como The New England Journal of Medicine, The Lancet, Nature y Science.<\/li>\n<\/ul>\n                <\/div>\r\n            <\/div>\r\n            <div class=\"col-lg-7 col-12\">\r\n                <div class=\"texto texto-3\">\r\n                    <p>Estos logros reflejan el compromiso continuo de Sinovac en impulsar la ciencia y la innovaci\u00f3n para promover el acceso a la salud y desarrollar soluciones que protejan a la poblaci\u00f3n mundial contra enfermedades infecciosas.<\/p>\n                <\/div>\r\n            <\/div>\r\n        <\/div>\r\n    <\/div>\r\n<\/section>","protected":false},"excerpt":{"rendered":"","protected":false},"author":1,"featured_media":0,"parent":0,"menu_order":0,"comment_status":"closed","ping_status":"closed","template":"template-secundarias.php","meta":{"_acf_changed":false,"footnotes":""},"class_list":["post-1031","page","type-page","status-publish","hentry"],"acf":[],"yoast_head":"<!-- This site is optimized with the Yoast SEO plugin v27.4 - https:\/\/yoast.com\/product\/yoast-seo-wordpress\/ -->\n<title>Investigaci\u00f3n y desarrollo - SINOVAC LATAM<\/title>\n<meta name=\"robots\" content=\"index, follow, max-snippet:-1, max-image-preview:large, max-video-preview:-1\" \/>\n<link rel=\"canonical\" href=\"https:\/\/www.sinovaclatam.com\/es\/investigacion-y-desarrollo\/\" \/>\n<meta property=\"og:locale\" content=\"es_ES\" \/>\n<meta property=\"og:type\" content=\"article\" \/>\n<meta property=\"og:title\" content=\"Investigaci\u00f3n y desarrollo - SINOVAC LATAM\" \/>\n<meta property=\"og:url\" content=\"https:\/\/www.sinovaclatam.com\/es\/investigacion-y-desarrollo\/\" \/>\n<meta property=\"og:site_name\" content=\"SINOVAC LATAM\" \/>\n<meta property=\"article:modified_time\" content=\"2025-03-27T14:06:43+00:00\" \/>\n<meta name=\"twitter:card\" content=\"summary_large_image\" \/>\n<script type=\"application\/ld+json\" class=\"yoast-schema-graph\">{\"@context\":\"https:\\\/\\\/schema.org\",\"@graph\":[{\"@type\":\"WebPage\",\"@id\":\"https:\\\/\\\/www.sinovaclatam.com\\\/es\\\/investigacion-y-desarrollo\\\/\",\"url\":\"https:\\\/\\\/www.sinovaclatam.com\\\/es\\\/investigacion-y-desarrollo\\\/\",\"name\":\"Investigaci\u00f3n y desarrollo - SINOVAC LATAM\",\"isPartOf\":{\"@id\":\"https:\\\/\\\/www.sinovaclatam.com\\\/es\\\/#website\"},\"datePublished\":\"2024-10-31T08:02:08+00:00\",\"dateModified\":\"2025-03-27T14:06:43+00:00\",\"breadcrumb\":{\"@id\":\"https:\\\/\\\/www.sinovaclatam.com\\\/es\\\/investigacion-y-desarrollo\\\/#breadcrumb\"},\"inLanguage\":\"es\",\"potentialAction\":[{\"@type\":\"ReadAction\",\"target\":[\"https:\\\/\\\/www.sinovaclatam.com\\\/es\\\/investigacion-y-desarrollo\\\/\"]}]},{\"@type\":\"BreadcrumbList\",\"@id\":\"https:\\\/\\\/www.sinovaclatam.com\\\/es\\\/investigacion-y-desarrollo\\\/#breadcrumb\",\"itemListElement\":[{\"@type\":\"ListItem\",\"position\":1,\"name\":\"In\u00edcio\",\"item\":\"https:\\\/\\\/www.sinovaclatam.com\\\/es\\\/\"},{\"@type\":\"ListItem\",\"position\":2,\"name\":\"Investigaci\u00f3n y desarrollo\"}]},{\"@type\":\"WebSite\",\"@id\":\"https:\\\/\\\/www.sinovaclatam.com\\\/es\\\/#website\",\"url\":\"https:\\\/\\\/www.sinovaclatam.com\\\/es\\\/\",\"name\":\"Sinovac LATAM\",\"description\":\"\",\"potentialAction\":[{\"@type\":\"SearchAction\",\"target\":{\"@type\":\"EntryPoint\",\"urlTemplate\":\"https:\\\/\\\/www.sinovaclatam.com\\\/es\\\/?s={search_term_string}\"},\"query-input\":{\"@type\":\"PropertyValueSpecification\",\"valueRequired\":true,\"valueName\":\"search_term_string\"}}],\"inLanguage\":\"es\"}]}<\/script>\n<!-- \/ Yoast SEO plugin. -->","yoast_head_json":{"title":"Investigaci\u00f3n y desarrollo - SINOVAC LATAM","robots":{"index":"index","follow":"follow","max-snippet":"max-snippet:-1","max-image-preview":"max-image-preview:large","max-video-preview":"max-video-preview:-1"},"canonical":"https:\/\/www.sinovaclatam.com\/es\/investigacion-y-desarrollo\/","og_locale":"es_ES","og_type":"article","og_title":"Investigaci\u00f3n y desarrollo - SINOVAC LATAM","og_url":"https:\/\/www.sinovaclatam.com\/es\/investigacion-y-desarrollo\/","og_site_name":"SINOVAC LATAM","article_modified_time":"2025-03-27T14:06:43+00:00","twitter_card":"summary_large_image","schema":{"@context":"https:\/\/schema.org","@graph":[{"@type":"WebPage","@id":"https:\/\/www.sinovaclatam.com\/es\/investigacion-y-desarrollo\/","url":"https:\/\/www.sinovaclatam.com\/es\/investigacion-y-desarrollo\/","name":"Investigaci\u00f3n y desarrollo - SINOVAC LATAM","isPartOf":{"@id":"https:\/\/www.sinovaclatam.com\/es\/#website"},"datePublished":"2024-10-31T08:02:08+00:00","dateModified":"2025-03-27T14:06:43+00:00","breadcrumb":{"@id":"https:\/\/www.sinovaclatam.com\/es\/investigacion-y-desarrollo\/#breadcrumb"},"inLanguage":"es","potentialAction":[{"@type":"ReadAction","target":["https:\/\/www.sinovaclatam.com\/es\/investigacion-y-desarrollo\/"]}]},{"@type":"BreadcrumbList","@id":"https:\/\/www.sinovaclatam.com\/es\/investigacion-y-desarrollo\/#breadcrumb","itemListElement":[{"@type":"ListItem","position":1,"name":"In\u00edcio","item":"https:\/\/www.sinovaclatam.com\/es\/"},{"@type":"ListItem","position":2,"name":"Investigaci\u00f3n y desarrollo"}]},{"@type":"WebSite","@id":"https:\/\/www.sinovaclatam.com\/es\/#website","url":"https:\/\/www.sinovaclatam.com\/es\/","name":"Sinovac LATAM","description":"","potentialAction":[{"@type":"SearchAction","target":{"@type":"EntryPoint","urlTemplate":"https:\/\/www.sinovaclatam.com\/es\/?s={search_term_string}"},"query-input":{"@type":"PropertyValueSpecification","valueRequired":true,"valueName":"search_term_string"}}],"inLanguage":"es"}]}},"_links":{"self":[{"href":"https:\/\/www.sinovaclatam.com\/es\/wp-json\/wp\/v2\/pages\/1031","targetHints":{"allow":["GET"]}}],"collection":[{"href":"https:\/\/www.sinovaclatam.com\/es\/wp-json\/wp\/v2\/pages"}],"about":[{"href":"https:\/\/www.sinovaclatam.com\/es\/wp-json\/wp\/v2\/types\/page"}],"author":[{"embeddable":true,"href":"https:\/\/www.sinovaclatam.com\/es\/wp-json\/wp\/v2\/users\/1"}],"replies":[{"embeddable":true,"href":"https:\/\/www.sinovaclatam.com\/es\/wp-json\/wp\/v2\/comments?post=1031"}],"version-history":[{"count":5,"href":"https:\/\/www.sinovaclatam.com\/es\/wp-json\/wp\/v2\/pages\/1031\/revisions"}],"predecessor-version":[{"id":1815,"href":"https:\/\/www.sinovaclatam.com\/es\/wp-json\/wp\/v2\/pages\/1031\/revisions\/1815"}],"wp:attachment":[{"href":"https:\/\/www.sinovaclatam.com\/es\/wp-json\/wp\/v2\/media?parent=1031"}],"curies":[{"name":"wp","href":"https:\/\/api.w.org\/{rel}","templated":true}]}}