{"id":1033,"date":"2024-10-17T15:13:31","date_gmt":"2024-10-17T18:13:31","guid":{"rendered":"https:\/\/www.sinovaclatam.com\/sostenibilidad\/"},"modified":"2025-03-27T10:33:00","modified_gmt":"2025-03-27T13:33:00","slug":"sostenibilidad","status":"publish","type":"page","link":"https:\/\/www.sinovaclatam.com\/es\/innovacion\/sostenibilidad\/","title":{"rendered":"Sostenibilidad"},"content":{"rendered":"    <style>\r\n        #banner-padrao {\r\n            background-image: url(https:\/\/www.sinovaclatam.com\/wp-content\/uploads\/2024\/10\/imagem-banner-sust.jpg);\r\n        }\r\n    <\/style>\r\n    <style>\r\n        @media (max-width:992px) {\r\n            #banner-padrao {\r\n                background-image: url(https:\/\/www.sinovaclatam.com\/wp-content\/uploads\/2024\/11\/bg-sust-mobile.png);\r\n            }\r\n        }\r\n    <\/style>\r\n\r\n<section id=\"banner-padrao\">\r\n    <div id=\"redes-sociais-float\" class=\"desktop\">\r\n                    <a href=\"https:\/\/www.instagram.com\/sinovacbiotech\" target=\"_blank\">\r\n                <i class=\"fab fa-instagram\"><\/i>\r\n            <\/a>\r\n        \r\n                    <a href=\"https:\/\/linkedin.com\/company\/sinovac-biotech-ltd.\" target=\"_blank\">\r\n                <i class=\"fab fa-linkedin-in\"><\/i>\r\n            <\/a>\r\n        \r\n                    <a href=\"https:\/\/youtube.com\/sinovacbiotech\" target=\"_blank\">\r\n                <i class=\"fab fa-youtube\"><\/i>\r\n            <\/a>\r\n        \r\n\r\n\r\n    <\/div>\r\n    <div class=\"container\">\r\n        <div class=\"row\">\r\n            <div class=\"col-lg-4 col-12\">\r\n                <div class=\"titulo\">\r\n                    <h1>Gesti\u00f3n Ambiental<\/h1>\r\n                <\/div>\r\n            <\/div>\r\n        <\/div>\r\n    <\/div>\r\n<\/section>\n\n    <style>\r\n        #texto-sust-1 {\r\n            background-image: url(https:\/\/www.sinovaclatam.com\/wp-content\/uploads\/2024\/10\/bg-1-sust.png);\r\n        }\r\n    <\/style>\r\n\r\n<section id=\"texto-sust-1\" class=\"texto-padrao \">\r\n    <div class=\"container\">\r\n        <div class=\"row\">\r\n                            <div class=\"col-lg-6 col-12\">\r\n                    <div class=\"texto\">\r\n                        <p>Con el concepto de \u00abarmon\u00eda entre la humanidad y la naturaleza\u00bb, Sinovac ha practicado y explorado continuamente el camino hacia un desarrollo verde. Al fortalecer la construcci\u00f3n de un sistema de gesti\u00f3n ambiental, la empresa tambi\u00e9n promueve vigorosamente la producci\u00f3n sostenible y construye una cadena industrial responsable para contribuir al cumplimiento de los objetivos nacionales de emisi\u00f3n y neutralizaci\u00f3n de carbono.<\/p>\n<p>La misi\u00f3n de perfeccionar la gesti\u00f3n ambiental se refleja en las actividades de producci\u00f3n, operaci\u00f3n y negocios. Como mecanismo de respuesta a emergencias clim\u00e1ticas, la empresa se esfuerza por minimizar el impacto de sus operaciones en el medio ambiente y lleva a cabo capacitaciones sobre protecci\u00f3n ambiental. A lo largo de 2023, todas las filiales\/subsidiarias de Sinovac impulsaron la construcci\u00f3n del sistema de gesti\u00f3n ambiental y realizaron la certificaci\u00f3n y revisi\u00f3n del sistema por terceros. Actualmente, Sinovac Beijing, Sinovac LS y Sinovac Dalian han obtenido la Certificaci\u00f3n ISO 14001. En el aspecto institucional, Sinovac ha formulado una serie de sistemas de gesti\u00f3n interna para servir al perfeccionamiento de las pr\u00e1cticas de responsabilidad ambiental, incluyendo el Sistema de Gesti\u00f3n de Energ\u00eda, el Sistema de Gesti\u00f3n de Aguas Residuales, el Sistema de Gesti\u00f3n de Gases Residuales, el Sistema de Gesti\u00f3n de Residuos Peligrosos, el Sistema de Gesti\u00f3n de Control de Ruido, el Sistema de Gesti\u00f3n para la Identificaci\u00f3n, Evaluaci\u00f3n y Control de Factores Ambientales, el Sistema de Gesti\u00f3n para Equipos e Instalaciones de Protecci\u00f3n Ambiental y el Sistema de Gesti\u00f3n para la Separaci\u00f3n de Residuos. A lo largo de 2023, la empresa defini\u00f3 y alcanz\u00f3 la meta ambiental de \u00abcero contaminaci\u00f3n ambiental\u00bb y tuvo una tasa de cumplimiento de emisi\u00f3n de aguas residuales, gases residuales y residuos s\u00f3lidos de hasta el 100%, minimizando el impacto de su producci\u00f3n y operaci\u00f3n en el medio ambiente. Para estandarizar la gesti\u00f3n de cada eslab\u00f3n de producci\u00f3n, las empresas relevantes bajo Sinovac organizan regularmente a terceros para monitorear su entorno de producci\u00f3n, descarga de contaminaci\u00f3n, conservaci\u00f3n de energ\u00eda y protecci\u00f3n ambiental, lo que reduce efectivamente el impacto de sus operaciones en el medio ambiente.<\/p>\n                        <div class=\"fade-text\"><\/div>\r\n                    <\/div>\r\n                                    <\/div>\r\n                                    <div class=\"col-lg-5 offset-lg-1 col-12\">\r\n                        <div class=\"imagem\">\r\n                            <img src='https:\/\/www.sinovaclatam.com\/wp-content\/uploads\/2025\/03\/sustainable-development-goals-still-life-scaled.jpg' width='2560' height='1707' alt='' \/>\r\n                        <\/div>\r\n                    <\/div>\r\n                            \r\n        <\/div>\r\n    <\/div>\r\n<\/section>\n\n    <style>\r\n        #texto-sust-2 {\r\n            background-image: url(https:\/\/www.sinovaclatam.com\/wp-content\/uploads\/2024\/11\/img-sust-txt2.jpg);\r\n        }\r\n    <\/style>\r\n    <style>\r\n        @media (max-width:992px) {\r\n            #texto-sust-2 {\r\n                background-image: url(https:\/\/www.sinovaclatam.com\/wp-content\/uploads\/2024\/11\/bg-texto.jpg);\r\n            }\r\n        }\r\n    <\/style>\r\n\r\n<section id=\"texto-sust-2\" class=\"texto-padrao \">\r\n    <div class=\"container\">\r\n        <div class=\"row\">\r\n                            <div class=\"col-lg-6 col-12\">\r\n                    <div class=\"texto\">\r\n                        <p>Adem\u00e1s, Sinovac Beijing promueve la producci\u00f3n limpia y contrata terceros para auditor\u00edas. A lo largo de 2023, Sinovac Beijing confi\u00f3 a expertos de la Oficina Municipal de Ecolog\u00eda y Medio Ambiente de Beijing, la Comisi\u00f3n Municipal de Desarrollo y Reforma de Beijing y la Oficina Municipal de Econom\u00eda y Tecnolog\u00eda de la Informaci\u00f3n de Beijing la auditor\u00eda y las evaluaciones de su producci\u00f3n limpia. Los resultados fueron positivos. En agosto de 2023, Sinovac LS tambi\u00e9n inici\u00f3 la producci\u00f3n limpia y la auditor\u00eda de terceros para cumplir con la meta ambiental de producci\u00f3n general. <\/p>\n                        <div class=\"fade-text\"><\/div>\r\n                    <\/div>\r\n                                    <\/div>\r\n                            \r\n        <\/div>\r\n    <\/div>\r\n<\/section>","protected":false},"excerpt":{"rendered":"","protected":false},"author":1,"featured_media":0,"parent":1073,"menu_order":0,"comment_status":"closed","ping_status":"closed","template":"","meta":{"_acf_changed":false,"footnotes":""},"class_list":["post-1033","page","type-page","status-publish","hentry"],"acf":[],"yoast_head":"<!-- This site is optimized with the Yoast SEO plugin v27.4 - https:\/\/yoast.com\/product\/yoast-seo-wordpress\/ -->\n<title>Sostenibilidad - SINOVAC LATAM<\/title>\n<meta name=\"robots\" content=\"index, follow, max-snippet:-1, max-image-preview:large, max-video-preview:-1\" \/>\n<link rel=\"canonical\" href=\"https:\/\/www.sinovaclatam.com\/es\/innovacion\/sostenibilidad\/\" \/>\n<meta property=\"og:locale\" content=\"es_ES\" \/>\n<meta property=\"og:type\" content=\"article\" \/>\n<meta property=\"og:title\" content=\"Sostenibilidad - SINOVAC LATAM\" \/>\n<meta property=\"og:url\" content=\"https:\/\/www.sinovaclatam.com\/es\/innovacion\/sostenibilidad\/\" \/>\n<meta property=\"og:site_name\" content=\"SINOVAC LATAM\" \/>\n<meta property=\"article:modified_time\" content=\"2025-03-27T13:33:00+00:00\" \/>\n<meta name=\"twitter:card\" content=\"summary_large_image\" \/>\n<script type=\"application\/ld+json\" class=\"yoast-schema-graph\">{\"@context\":\"https:\\\/\\\/schema.org\",\"@graph\":[{\"@type\":\"WebPage\",\"@id\":\"https:\\\/\\\/www.sinovaclatam.com\\\/es\\\/innovacion\\\/sostenibilidad\\\/\",\"url\":\"https:\\\/\\\/www.sinovaclatam.com\\\/es\\\/innovacion\\\/sostenibilidad\\\/\",\"name\":\"Sostenibilidad - SINOVAC LATAM\",\"isPartOf\":{\"@id\":\"https:\\\/\\\/www.sinovaclatam.com\\\/es\\\/#website\"},\"datePublished\":\"2024-10-17T18:13:31+00:00\",\"dateModified\":\"2025-03-27T13:33:00+00:00\",\"breadcrumb\":{\"@id\":\"https:\\\/\\\/www.sinovaclatam.com\\\/es\\\/innovacion\\\/sostenibilidad\\\/#breadcrumb\"},\"inLanguage\":\"es\",\"potentialAction\":[{\"@type\":\"ReadAction\",\"target\":[\"https:\\\/\\\/www.sinovaclatam.com\\\/es\\\/innovacion\\\/sostenibilidad\\\/\"]}]},{\"@type\":\"BreadcrumbList\",\"@id\":\"https:\\\/\\\/www.sinovaclatam.com\\\/es\\\/innovacion\\\/sostenibilidad\\\/#breadcrumb\",\"itemListElement\":[{\"@type\":\"ListItem\",\"position\":1,\"name\":\"In\u00edcio\",\"item\":\"https:\\\/\\\/www.sinovaclatam.com\\\/es\\\/\"},{\"@type\":\"ListItem\",\"position\":2,\"name\":\"Innovaci\u00f3n\",\"item\":\"https:\\\/\\\/www.sinovaclatam.com\\\/es\\\/inovacao\\\/\"},{\"@type\":\"ListItem\",\"position\":3,\"name\":\"Sostenibilidad\"}]},{\"@type\":\"WebSite\",\"@id\":\"https:\\\/\\\/www.sinovaclatam.com\\\/es\\\/#website\",\"url\":\"https:\\\/\\\/www.sinovaclatam.com\\\/es\\\/\",\"name\":\"Sinovac LATAM\",\"description\":\"\",\"potentialAction\":[{\"@type\":\"SearchAction\",\"target\":{\"@type\":\"EntryPoint\",\"urlTemplate\":\"https:\\\/\\\/www.sinovaclatam.com\\\/es\\\/?s={search_term_string}\"},\"query-input\":{\"@type\":\"PropertyValueSpecification\",\"valueRequired\":true,\"valueName\":\"search_term_string\"}}],\"inLanguage\":\"es\"}]}<\/script>\n<!-- \/ Yoast SEO plugin. -->","yoast_head_json":{"title":"Sostenibilidad - SINOVAC LATAM","robots":{"index":"index","follow":"follow","max-snippet":"max-snippet:-1","max-image-preview":"max-image-preview:large","max-video-preview":"max-video-preview:-1"},"canonical":"https:\/\/www.sinovaclatam.com\/es\/innovacion\/sostenibilidad\/","og_locale":"es_ES","og_type":"article","og_title":"Sostenibilidad - SINOVAC LATAM","og_url":"https:\/\/www.sinovaclatam.com\/es\/innovacion\/sostenibilidad\/","og_site_name":"SINOVAC LATAM","article_modified_time":"2025-03-27T13:33:00+00:00","twitter_card":"summary_large_image","schema":{"@context":"https:\/\/schema.org","@graph":[{"@type":"WebPage","@id":"https:\/\/www.sinovaclatam.com\/es\/innovacion\/sostenibilidad\/","url":"https:\/\/www.sinovaclatam.com\/es\/innovacion\/sostenibilidad\/","name":"Sostenibilidad - SINOVAC LATAM","isPartOf":{"@id":"https:\/\/www.sinovaclatam.com\/es\/#website"},"datePublished":"2024-10-17T18:13:31+00:00","dateModified":"2025-03-27T13:33:00+00:00","breadcrumb":{"@id":"https:\/\/www.sinovaclatam.com\/es\/innovacion\/sostenibilidad\/#breadcrumb"},"inLanguage":"es","potentialAction":[{"@type":"ReadAction","target":["https:\/\/www.sinovaclatam.com\/es\/innovacion\/sostenibilidad\/"]}]},{"@type":"BreadcrumbList","@id":"https:\/\/www.sinovaclatam.com\/es\/innovacion\/sostenibilidad\/#breadcrumb","itemListElement":[{"@type":"ListItem","position":1,"name":"In\u00edcio","item":"https:\/\/www.sinovaclatam.com\/es\/"},{"@type":"ListItem","position":2,"name":"Innovaci\u00f3n","item":"https:\/\/www.sinovaclatam.com\/es\/inovacao\/"},{"@type":"ListItem","position":3,"name":"Sostenibilidad"}]},{"@type":"WebSite","@id":"https:\/\/www.sinovaclatam.com\/es\/#website","url":"https:\/\/www.sinovaclatam.com\/es\/","name":"Sinovac LATAM","description":"","potentialAction":[{"@type":"SearchAction","target":{"@type":"EntryPoint","urlTemplate":"https:\/\/www.sinovaclatam.com\/es\/?s={search_term_string}"},"query-input":{"@type":"PropertyValueSpecification","valueRequired":true,"valueName":"search_term_string"}}],"inLanguage":"es"}]}},"_links":{"self":[{"href":"https:\/\/www.sinovaclatam.com\/es\/wp-json\/wp\/v2\/pages\/1033","targetHints":{"allow":["GET"]}}],"collection":[{"href":"https:\/\/www.sinovaclatam.com\/es\/wp-json\/wp\/v2\/pages"}],"about":[{"href":"https:\/\/www.sinovaclatam.com\/es\/wp-json\/wp\/v2\/types\/page"}],"author":[{"embeddable":true,"href":"https:\/\/www.sinovaclatam.com\/es\/wp-json\/wp\/v2\/users\/1"}],"replies":[{"embeddable":true,"href":"https:\/\/www.sinovaclatam.com\/es\/wp-json\/wp\/v2\/comments?post=1033"}],"version-history":[{"count":2,"href":"https:\/\/www.sinovaclatam.com\/es\/wp-json\/wp\/v2\/pages\/1033\/revisions"}],"predecessor-version":[{"id":1799,"href":"https:\/\/www.sinovaclatam.com\/es\/wp-json\/wp\/v2\/pages\/1033\/revisions\/1799"}],"up":[{"embeddable":true,"href":"https:\/\/www.sinovaclatam.com\/es\/wp-json\/wp\/v2\/pages\/1073"}],"wp:attachment":[{"href":"https:\/\/www.sinovaclatam.com\/es\/wp-json\/wp\/v2\/media?parent=1033"}],"curies":[{"name":"wp","href":"https:\/\/api.w.org\/{rel}","templated":true}]}}